{"id":1037,"date":"2025-06-23T09:13:06","date_gmt":"2025-06-23T09:13:06","guid":{"rendered":"https:\/\/cezgpuqt7z.wpdns.site\/?page_id=1037"},"modified":"2025-10-11T11:56:16","modified_gmt":"2025-10-11T11:56:16","slug":"nearby-escapes","status":"publish","type":"page","link":"https:\/\/tigrisvalley.com\/de\/nearby-escapes\/","title":{"rendered":"Fluchten in der N\u00e4he"},"content":{"rendered":"<section class=\"bde-section-1037-100 bde-section\">\n  \n\t\n\n\n\n<div class=\"section-container\"><\/div>\n<\/section><section class=\"bde-section-1037-102 bde-section\">\n              \n  \n\t\n\n  <div class=\"section-background-overlay\"><\/div>\n\n\n<div class=\"section-container\"><div class=\"bde-div-1037-103 bde-div\">\n  \n\t\n\n\n\n<h2 class=\"bde-heading-1037-104 bde-heading\" data-entrance=\"slideUp\">\nNaturerlebnis jenseits des Tigris-Tals\n<\/h2><div class=\"bde-text-1037-105 bde-text\" data-entrance=\"slideUp\">\nWandern Sie durch nebelverhangene H\u00fcgel, \u00fcber Waldpfade und an ruhigen Wasserf\u00e4llen vorbei - jeder Ort bietet ruhige Momente, die Ihre Wellness-Reise bereichern.\n<\/div>\n<\/div><\/div>\n<\/section><section class=\"bde-section-1037-107 bde-section\">\n  \n\t\n\n\n\n<div class=\"section-container\"><div class=\"bde-div-1037-108 bde-div\">\n  \n\t\n\n\n\n<div class=\"bde-grid-1037-109 bde-grid\">\n  \n\t\n\n\n\n<div class=\"bde-div-1037-117 bde-div\">\n  \n\t\n\n\n\n<div class=\"bde-image-1037-118 bde-image\">\n<figure class=\"breakdance-image breakdance-image--1342\">\n\t<div class=\"breakdance-image-container\">\n\t\t<div class=\"breakdance-image-clip\"><img loading=\"lazy\" decoding=\"async\" class=\"breakdance-image-object\" src=\"https:\/\/tigrisvalley.com\/wp-content\/uploads\/2025\/06\/edakkal_caves20210607111846_1087_1.jpg\" width=\"1024\" height=\"576\" srcset=\"https:\/\/tigrisvalley.com\/wp-content\/uploads\/2025\/06\/edakkal_caves20210607111846_1087_1.jpg 1024w, https:\/\/tigrisvalley.com\/wp-content\/uploads\/2025\/06\/edakkal_caves20210607111846_1087_1-300x169.jpg 300w, https:\/\/tigrisvalley.com\/wp-content\/uploads\/2025\/06\/edakkal_caves20210607111846_1087_1-768x432.jpg 768w\" sizes=\"auto, (max-width: 1024px) 100vw, 1024px\"><\/div>\n\t<\/div><\/figure>\n\n<\/div><div class=\"bde-icon-box-1037-119 bde-icon-box\">\n\n    \n            <div class=\"ee-iconbox-icon breakdance-icon-atom\" >\n    \n                    <svg xmlns=\"http:\/\/www.w3.org\/2000\/svg\" viewbox=\"0 0 352 512\"><!-- Font Awesome Free 5.15.1 by @fontawesome - https:\/\/fontawesome.com License - https:\/\/fontawesome.com\/license\/free (Icons: CC BY 4.0, Fonts: SIL OFL 1.1, Code: MIT License) --><path d=\"M176 80c-52.94 0-96 43.06-96 96 0 8.84 7.16 16 16 16s16-7.16 16-16c0-35.3 28.72-64 64-64 8.84 0 16-7.16 16-16s-7.16-16-16-16zM96.06 459.17c0 3.15.93 6.22 2.68 8.84l24.51 36.84c2.97 4.46 7.97 7.14 13.32 7.14h78.85c5.36 0 10.36-2.68 13.32-7.14l24.51-36.84c1.74-2.62 2.67-5.7 2.68-8.84l.05-43.18H96.02l.04 43.18zM176 0C73.72 0 0 82.97 0 176c0 44.37 16.45 84.85 43.56 115.78 16.64 18.99 42.74 58.8 52.42 92.16v.06h48v-.12c-.01-4.77-.72-9.51-2.15-14.07-5.59-17.81-22.82-64.77-62.17-109.67-20.54-23.43-31.52-53.15-31.61-84.14-.2-73.64 59.67-128 127.95-128 70.58 0 128 57.42 128 128 0 30.97-11.24 60.85-31.65 84.14-39.11 44.61-56.42 91.47-62.1 109.46a47.507 47.507 0 0 0-2.22 14.3v.1h48v-.05c9.68-33.37 35.78-73.18 52.42-92.16C335.55 260.85 352 220.37 352 176 352 78.8 273.2 0 176 0z\"\/><\/svg>\n        \n        \n        \n            <\/div>\n    \n\n<div class=\"ee-iconbox-content\">\n      <h5 class=\"ee-iconbox-title\" >Edakkal-H\u00f6hlen<\/h5>\n        <div class=\"ee-iconbox-text\" >Die Edakkal-H\u00f6hlen, die sich in der faszinierenden Landschaft des Tigris-Tals befinden, sind ein uraltes Zeugnis der menschlichen Zivilisation und der Natur....<\/div>\n            \n                                    \n              \n    \n    \n    \n            \n                    \n            \n            \n\n    \n              \n    \n    \n    <a class=\"breakdance-link button-atom button-atom--secondary ee-iconbox-button\" href=\"https:\/\/maps.app.goo.gl\/3a8jMVyzPMaVi6Sr6\" target=\"_blank\" data-type=\"url\" id=\"edakkal\" rel=\"noopener\">\n\n    \n        <span class=\"button-atom__text\">READ MORE<\/span>\n\n        \n        \n                <\/a>\n\n    \n\n  <\/div>\n\n<\/div>\n<\/div><div class=\"bde-div-1037-129 bde-div\">\n  \n\t\n\n\n\n<div class=\"bde-image-1037-130 bde-image\">\n<figure class=\"breakdance-image breakdance-image--1507\">\n\t<div class=\"breakdance-image-container\">\n\t\t<div class=\"breakdance-image-clip\"><img loading=\"lazy\" decoding=\"async\" class=\"breakdance-image-object\" src=\"https:\/\/tigrisvalley.com\/wp-content\/uploads\/2025\/08\/996372035_595240532.jpg\" width=\"600\" height=\"600\" srcset=\"https:\/\/tigrisvalley.com\/wp-content\/uploads\/2025\/08\/996372035_595240532.jpg 600w, https:\/\/tigrisvalley.com\/wp-content\/uploads\/2025\/08\/996372035_595240532-300x300.jpg 300w, https:\/\/tigrisvalley.com\/wp-content\/uploads\/2025\/08\/996372035_595240532-150x150.jpg 150w\" sizes=\"auto, (max-width: 600px) 100vw, 600px\"><\/div>\n\t<\/div><\/figure>\n\n<\/div><div class=\"bde-icon-box-1037-131 bde-icon-box\">\n\n    \n            <div class=\"ee-iconbox-icon breakdance-icon-atom\" >\n    \n                    <svg xmlns=\"http:\/\/www.w3.org\/2000\/svg\" viewbox=\"0 0 352 512\"><!-- Font Awesome Free 5.15.1 by @fontawesome - https:\/\/fontawesome.com License - https:\/\/fontawesome.com\/license\/free (Icons: CC BY 4.0, Fonts: SIL OFL 1.1, Code: MIT License) --><path d=\"M176 80c-52.94 0-96 43.06-96 96 0 8.84 7.16 16 16 16s16-7.16 16-16c0-35.3 28.72-64 64-64 8.84 0 16-7.16 16-16s-7.16-16-16-16zM96.06 459.17c0 3.15.93 6.22 2.68 8.84l24.51 36.84c2.97 4.46 7.97 7.14 13.32 7.14h78.85c5.36 0 10.36-2.68 13.32-7.14l24.51-36.84c1.74-2.62 2.67-5.7 2.68-8.84l.05-43.18H96.02l.04 43.18zM176 0C73.72 0 0 82.97 0 176c0 44.37 16.45 84.85 43.56 115.78 16.64 18.99 42.74 58.8 52.42 92.16v.06h48v-.12c-.01-4.77-.72-9.51-2.15-14.07-5.59-17.81-22.82-64.77-62.17-109.67-20.54-23.43-31.52-53.15-31.61-84.14-.2-73.64 59.67-128 127.95-128 70.58 0 128 57.42 128 128 0 30.97-11.24 60.85-31.65 84.14-39.11 44.61-56.42 91.47-62.1 109.46a47.507 47.507 0 0 0-2.22 14.3v.1h48v-.05c9.68-33.37 35.78-73.18 52.42-92.16C335.55 260.85 352 220.37 352 176 352 78.8 273.2 0 176 0z\"\/><\/svg>\n        \n        \n        \n            <\/div>\n    \n\n<div class=\"ee-iconbox-content\">\n      <h5 class=\"ee-iconbox-title\" >Thusharagiri-F\u00e4lle<\/h5>\n        <div class=\"ee-iconbox-text\" >Versteckt in den gr\u00fcnen Western Ghats von Kerala sind die Thusharagiri-Wasserf\u00e4lle im Bezirk Kozhikode ein faszinierendes Ziel, das f\u00fcr seinen nat\u00fcrlichen Charme bekannt ist.<\/div>\n            \n                                    \n              \n    \n    \n    \n            \n                    \n            \n            \n\n    \n              \n    \n    \n    <a class=\"breakdance-link button-atom button-atom--secondary ee-iconbox-button\" href=\"#banasura\" target=\"_self\" data-type=\"url\"  id=\"thusharagiri\" >\n\n    \n        <span class=\"button-atom__text\">READ MORE<\/span>\n\n        \n        \n                <\/a>\n\n    \n\n  <\/div>\n\n<\/div>\n<\/div><div class=\"bde-div-1037-132 bde-div\">\n  \n\t\n\n\n\n<div class=\"bde-image-1037-133 bde-image\">\n<figure class=\"breakdance-image breakdance-image--1510\">\n\t<div class=\"breakdance-image-container\">\n\t\t<div class=\"breakdance-image-clip\"><img loading=\"lazy\" decoding=\"async\" class=\"breakdance-image-object\" src=\"https:\/\/tigrisvalley.com\/wp-content\/uploads\/2025\/08\/vanaparvam_img.webp\" width=\"1360\" height=\"1020\" srcset=\"https:\/\/tigrisvalley.com\/wp-content\/uploads\/2025\/08\/vanaparvam_img.webp 1360w, https:\/\/tigrisvalley.com\/wp-content\/uploads\/2025\/08\/vanaparvam_img-300x225.webp 300w, https:\/\/tigrisvalley.com\/wp-content\/uploads\/2025\/08\/vanaparvam_img-1024x768.webp 1024w, https:\/\/tigrisvalley.com\/wp-content\/uploads\/2025\/08\/vanaparvam_img-768x576.webp 768w\" sizes=\"auto, (max-width: 1360px) 100vw, 1360px\"><\/div>\n\t<\/div><\/figure>\n\n<\/div><div class=\"bde-icon-box-1037-134 bde-icon-box\">\n\n    \n            <div class=\"ee-iconbox-icon breakdance-icon-atom\" >\n    \n                    <svg xmlns=\"http:\/\/www.w3.org\/2000\/svg\" viewbox=\"0 0 352 512\"><!-- Font Awesome Free 5.15.1 by @fontawesome - https:\/\/fontawesome.com License - https:\/\/fontawesome.com\/license\/free (Icons: CC BY 4.0, Fonts: SIL OFL 1.1, Code: MIT License) --><path d=\"M176 80c-52.94 0-96 43.06-96 96 0 8.84 7.16 16 16 16s16-7.16 16-16c0-35.3 28.72-64 64-64 8.84 0 16-7.16 16-16s-7.16-16-16-16zM96.06 459.17c0 3.15.93 6.22 2.68 8.84l24.51 36.84c2.97 4.46 7.97 7.14 13.32 7.14h78.85c5.36 0 10.36-2.68 13.32-7.14l24.51-36.84c1.74-2.62 2.67-5.7 2.68-8.84l.05-43.18H96.02l.04 43.18zM176 0C73.72 0 0 82.97 0 176c0 44.37 16.45 84.85 43.56 115.78 16.64 18.99 42.74 58.8 52.42 92.16v.06h48v-.12c-.01-4.77-.72-9.51-2.15-14.07-5.59-17.81-22.82-64.77-62.17-109.67-20.54-23.43-31.52-53.15-31.61-84.14-.2-73.64 59.67-128 127.95-128 70.58 0 128 57.42 128 128 0 30.97-11.24 60.85-31.65 84.14-39.11 44.61-56.42 91.47-62.1 109.46a47.507 47.507 0 0 0-2.22 14.3v.1h48v-.05c9.68-33.37 35.78-73.18 52.42-92.16C335.55 260.85 352 220.37 352 176 352 78.8 273.2 0 176 0z\"\/><\/svg>\n        \n        \n        \n            <\/div>\n    \n\n<div class=\"ee-iconbox-content\">\n      <h5 class=\"ee-iconbox-title\" >Vanaparvam Park der biologischen Vielfalt<\/h5>\n        <div class=\"ee-iconbox-text\" >Der Biodiversit\u00e4tspark Anaparvam liegt etwa 43 km von Kozhikode entfernt und ist Teil des Thamarassery-Waldgebiets mit einer Fl\u00e4che von 111,4 Hektar.<\/div>\n            \n                                    \n              \n    \n    \n    \n            \n            <button type=\"button\" class=\"button-atom button-atom--secondary ee-iconbox-button\" id=\"vanaparvam\"  >\n    \n        <span class=\"button-atom__text\">READ MORE<\/span>\n\n        \n        \n            <\/button>\n    \n\n  <\/div>\n\n<\/div>\n<\/div><div class=\"bde-div-1037-111 bde-div\">\n  \n\t\n\n\n\n<div class=\"bde-image-1037-112 bde-image\">\n<figure class=\"breakdance-image breakdance-image--1043\">\n\t<div class=\"breakdance-image-container\">\n\t\t<div class=\"breakdance-image-clip\"><img loading=\"lazy\" decoding=\"async\" class=\"breakdance-image-object\" src=\"https:\/\/tigrisvalley.com\/wp-content\/uploads\/2025\/06\/image-5.png\" width=\"450\" height=\"450\" srcset=\"https:\/\/tigrisvalley.com\/wp-content\/uploads\/2025\/06\/image-5.png 450w, https:\/\/tigrisvalley.com\/wp-content\/uploads\/2025\/06\/image-5-300x300.png 300w, https:\/\/tigrisvalley.com\/wp-content\/uploads\/2025\/06\/image-5-150x150.png 150w\" sizes=\"auto, (max-width: 450px) 100vw, 450px\"><\/div>\n\t<\/div><\/figure>\n\n<\/div><div class=\"bde-icon-box-1037-113 bde-icon-box\">\n\n    \n            <div class=\"ee-iconbox-icon breakdance-icon-atom\" >\n    \n                    <svg xmlns=\"http:\/\/www.w3.org\/2000\/svg\" viewbox=\"0 0 352 512\"><!-- Font Awesome Free 5.15.1 by @fontawesome - https:\/\/fontawesome.com License - https:\/\/fontawesome.com\/license\/free (Icons: CC BY 4.0, Fonts: SIL OFL 1.1, Code: MIT License) --><path d=\"M176 80c-52.94 0-96 43.06-96 96 0 8.84 7.16 16 16 16s16-7.16 16-16c0-35.3 28.72-64 64-64 8.84 0 16-7.16 16-16s-7.16-16-16-16zM96.06 459.17c0 3.15.93 6.22 2.68 8.84l24.51 36.84c2.97 4.46 7.97 7.14 13.32 7.14h78.85c5.36 0 10.36-2.68 13.32-7.14l24.51-36.84c1.74-2.62 2.67-5.7 2.68-8.84l.05-43.18H96.02l.04 43.18zM176 0C73.72 0 0 82.97 0 176c0 44.37 16.45 84.85 43.56 115.78 16.64 18.99 42.74 58.8 52.42 92.16v.06h48v-.12c-.01-4.77-.72-9.51-2.15-14.07-5.59-17.81-22.82-64.77-62.17-109.67-20.54-23.43-31.52-53.15-31.61-84.14-.2-73.64 59.67-128 127.95-128 70.58 0 128 57.42 128 128 0 30.97-11.24 60.85-31.65 84.14-39.11 44.61-56.42 91.47-62.1 109.46a47.507 47.507 0 0 0-2.22 14.3v.1h48v-.05c9.68-33.37 35.78-73.18 52.42-92.16C335.55 260.85 352 220.37 352 176 352 78.8 273.2 0 176 0z\"\/><\/svg>\n        \n        \n        \n            <\/div>\n    \n\n<div class=\"ee-iconbox-content\">\n      <h5 class=\"ee-iconbox-title\" >Pookode-See<\/h5>\n        <div class=\"ee-iconbox-text\" >Der Pookode-See ist eine ruhige Oase, die eine perfekte Mischung aus nat\u00fcrlicher Pracht und heiterem Ambiente bietet.....<\/div>\n            \n                                    \n              \n    \n    \n    \n            \n            <button type=\"button\" class=\"button-atom button-atom--secondary ee-iconbox-button\" id=\"pookode\"  >\n    \n        <span class=\"button-atom__text\">READ MORE<\/span>\n\n        \n        \n            <\/button>\n    \n\n  <\/div>\n\n<\/div>\n<\/div><div class=\"bde-div-1037-114 bde-div\">\n  \n\t\n\n\n\n<div class=\"bde-image-1037-115 bde-image\">\n<figure class=\"breakdance-image breakdance-image--1316\">\n\t<div class=\"breakdance-image-container\">\n\t\t<div class=\"breakdance-image-clip\"><img loading=\"lazy\" decoding=\"async\" class=\"breakdance-image-object\" src=\"https:\/\/tigrisvalley.com\/wp-content\/uploads\/2025\/06\/Kuruva-island-1-1.webp\" width=\"628\" height=\"275\" srcset=\"https:\/\/tigrisvalley.com\/wp-content\/uploads\/2025\/06\/Kuruva-island-1-1.webp 628w, https:\/\/tigrisvalley.com\/wp-content\/uploads\/2025\/06\/Kuruva-island-1-1-300x131.webp 300w\" sizes=\"auto, (max-width: 628px) 100vw, 628px\"><\/div>\n\t<\/div><\/figure>\n\n<\/div><div class=\"bde-icon-box-1037-116 bde-icon-box\">\n\n    \n            <div class=\"ee-iconbox-icon breakdance-icon-atom\" >\n    \n                    <svg xmlns=\"http:\/\/www.w3.org\/2000\/svg\" viewbox=\"0 0 352 512\"><!-- Font Awesome Free 5.15.1 by @fontawesome - https:\/\/fontawesome.com License - https:\/\/fontawesome.com\/license\/free (Icons: CC BY 4.0, Fonts: SIL OFL 1.1, Code: MIT License) --><path d=\"M176 80c-52.94 0-96 43.06-96 96 0 8.84 7.16 16 16 16s16-7.16 16-16c0-35.3 28.72-64 64-64 8.84 0 16-7.16 16-16s-7.16-16-16-16zM96.06 459.17c0 3.15.93 6.22 2.68 8.84l24.51 36.84c2.97 4.46 7.97 7.14 13.32 7.14h78.85c5.36 0 10.36-2.68 13.32-7.14l24.51-36.84c1.74-2.62 2.67-5.7 2.68-8.84l.05-43.18H96.02l.04 43.18zM176 0C73.72 0 0 82.97 0 176c0 44.37 16.45 84.85 43.56 115.78 16.64 18.99 42.74 58.8 52.42 92.16v.06h48v-.12c-.01-4.77-.72-9.51-2.15-14.07-5.59-17.81-22.82-64.77-62.17-109.67-20.54-23.43-31.52-53.15-31.61-84.14-.2-73.64 59.67-128 127.95-128 70.58 0 128 57.42 128 128 0 30.97-11.24 60.85-31.65 84.14-39.11 44.61-56.42 91.47-62.1 109.46a47.507 47.507 0 0 0-2.22 14.3v.1h48v-.05c9.68-33.37 35.78-73.18 52.42-92.16C335.55 260.85 352 220.37 352 176 352 78.8 273.2 0 176 0z\"\/><\/svg>\n        \n        \n        \n            <\/div>\n    \n\n<div class=\"ee-iconbox-content\">\n      <h5 class=\"ee-iconbox-title\" >Insel Kuruva<\/h5>\n        <div class=\"ee-iconbox-text\" >Die in der bezaubernden Sch\u00f6nheit des Tigris-Tals gelegene Insel Kuruva bietet einen ruhigen und idyllischen R\u00fcckzugsort f\u00fcr Naturliebhaber....<\/div>\n            \n                                    \n              \n    \n    \n    \n            \n            <button type=\"button\" class=\"button-atom button-atom--secondary ee-iconbox-button\" id=\"kuruva\"  >\n    \n        <span class=\"button-atom__text\">READ MORE<\/span>\n\n        \n        \n            <\/button>\n    \n\n  <\/div>\n\n<\/div>\n<\/div><div class=\"bde-div-1037-126 bde-div\">\n  \n\t\n\n\n\n<div class=\"bde-image-1037-127 bde-image\">\n<figure class=\"breakdance-image breakdance-image--8607\">\n\t<div class=\"breakdance-image-container\">\n\t\t<div class=\"breakdance-image-clip\"><img loading=\"lazy\" decoding=\"async\" class=\"breakdance-image-object\" src=\"https:\/\/tigrisvalley.com\/wp-content\/uploads\/2025\/10\/Banasura-Sagar-Dam-3-Wayanad.jpg\" width=\"1000\" height=\"600\" srcset=\"https:\/\/tigrisvalley.com\/wp-content\/uploads\/2025\/10\/Banasura-Sagar-Dam-3-Wayanad.jpg 1000w, https:\/\/tigrisvalley.com\/wp-content\/uploads\/2025\/10\/Banasura-Sagar-Dam-3-Wayanad-300x180.jpg 300w, https:\/\/tigrisvalley.com\/wp-content\/uploads\/2025\/10\/Banasura-Sagar-Dam-3-Wayanad-768x461.jpg 768w\" sizes=\"auto, (max-width: 1000px) 100vw, 1000px\"><\/div>\n\t<\/div><\/figure>\n\n<\/div><div class=\"bde-icon-box-1037-128 bde-icon-box\">\n\n    \n            <div class=\"ee-iconbox-icon breakdance-icon-atom\" >\n    \n                    <svg xmlns=\"http:\/\/www.w3.org\/2000\/svg\" viewbox=\"0 0 352 512\"><!-- Font Awesome Free 5.15.1 by @fontawesome - https:\/\/fontawesome.com License - https:\/\/fontawesome.com\/license\/free (Icons: CC BY 4.0, Fonts: SIL OFL 1.1, Code: MIT License) --><path d=\"M176 80c-52.94 0-96 43.06-96 96 0 8.84 7.16 16 16 16s16-7.16 16-16c0-35.3 28.72-64 64-64 8.84 0 16-7.16 16-16s-7.16-16-16-16zM96.06 459.17c0 3.15.93 6.22 2.68 8.84l24.51 36.84c2.97 4.46 7.97 7.14 13.32 7.14h78.85c5.36 0 10.36-2.68 13.32-7.14l24.51-36.84c1.74-2.62 2.67-5.7 2.68-8.84l.05-43.18H96.02l.04 43.18zM176 0C73.72 0 0 82.97 0 176c0 44.37 16.45 84.85 43.56 115.78 16.64 18.99 42.74 58.8 52.42 92.16v.06h48v-.12c-.01-4.77-.72-9.51-2.15-14.07-5.59-17.81-22.82-64.77-62.17-109.67-20.54-23.43-31.52-53.15-31.61-84.14-.2-73.64 59.67-128 127.95-128 70.58 0 128 57.42 128 128 0 30.97-11.24 60.85-31.65 84.14-39.11 44.61-56.42 91.47-62.1 109.46a47.507 47.507 0 0 0-2.22 14.3v.1h48v-.05c9.68-33.37 35.78-73.18 52.42-92.16C335.55 260.85 352 220.37 352 176 352 78.8 273.2 0 176 0z\"\/><\/svg>\n        \n        \n        \n            <\/div>\n    \n\n<div class=\"ee-iconbox-content\">\n      <h5 class=\"ee-iconbox-title\" >Banasura Sagar Damm<\/h5>\n        <div class=\"ee-iconbox-text\" >Eingebettet in die atemberaubende Landschaft des Tigris-Tals ist der Banasura-Sagar-Damm ein Zeugnis f\u00fcr die menschliche......<\/div>\n            \n                                    \n              \n    \n    \n    \n            \n            <button type=\"button\" class=\"button-atom button-atom--secondary ee-iconbox-button\" id=\"banasura-click\"  >\n    \n        <span class=\"button-atom__text\">READ MORE<\/span>\n\n        \n        \n            <\/button>\n    \n\n  <\/div>\n\n<\/div>\n<\/div><div class=\"bde-div-1037-123 bde-div\">\n  \n\t\n\n\n\n<div class=\"bde-image-1037-124 bde-image\">\n<figure class=\"breakdance-image breakdance-image--1349\">\n\t<div class=\"breakdance-image-container\">\n\t\t<div class=\"breakdance-image-clip\"><img loading=\"lazy\" decoding=\"async\" class=\"breakdance-image-object\" src=\"https:\/\/tigrisvalley.com\/wp-content\/uploads\/2025\/06\/Chembra_Peak_Heart_Lake.jpg\" width=\"1280\" height=\"960\" srcset=\"https:\/\/tigrisvalley.com\/wp-content\/uploads\/2025\/06\/Chembra_Peak_Heart_Lake.jpg 1280w, https:\/\/tigrisvalley.com\/wp-content\/uploads\/2025\/06\/Chembra_Peak_Heart_Lake-300x225.jpg 300w, https:\/\/tigrisvalley.com\/wp-content\/uploads\/2025\/06\/Chembra_Peak_Heart_Lake-1024x768.jpg 1024w, https:\/\/tigrisvalley.com\/wp-content\/uploads\/2025\/06\/Chembra_Peak_Heart_Lake-768x576.jpg 768w\" sizes=\"auto, (max-width: 1280px) 100vw, 1280px\"><\/div>\n\t<\/div><\/figure>\n\n<\/div><div class=\"bde-icon-box-1037-125 bde-icon-box\">\n\n    \n            <div class=\"ee-iconbox-icon breakdance-icon-atom\" >\n    \n                    <svg xmlns=\"http:\/\/www.w3.org\/2000\/svg\" viewbox=\"0 0 352 512\"><!-- Font Awesome Free 5.15.1 by @fontawesome - https:\/\/fontawesome.com License - https:\/\/fontawesome.com\/license\/free (Icons: CC BY 4.0, Fonts: SIL OFL 1.1, Code: MIT License) --><path d=\"M176 80c-52.94 0-96 43.06-96 96 0 8.84 7.16 16 16 16s16-7.16 16-16c0-35.3 28.72-64 64-64 8.84 0 16-7.16 16-16s-7.16-16-16-16zM96.06 459.17c0 3.15.93 6.22 2.68 8.84l24.51 36.84c2.97 4.46 7.97 7.14 13.32 7.14h78.85c5.36 0 10.36-2.68 13.32-7.14l24.51-36.84c1.74-2.62 2.67-5.7 2.68-8.84l.05-43.18H96.02l.04 43.18zM176 0C73.72 0 0 82.97 0 176c0 44.37 16.45 84.85 43.56 115.78 16.64 18.99 42.74 58.8 52.42 92.16v.06h48v-.12c-.01-4.77-.72-9.51-2.15-14.07-5.59-17.81-22.82-64.77-62.17-109.67-20.54-23.43-31.52-53.15-31.61-84.14-.2-73.64 59.67-128 127.95-128 70.58 0 128 57.42 128 128 0 30.97-11.24 60.85-31.65 84.14-39.11 44.61-56.42 91.47-62.1 109.46a47.507 47.507 0 0 0-2.22 14.3v.1h48v-.05c9.68-33.37 35.78-73.18 52.42-92.16C335.55 260.85 352 220.37 352 176 352 78.8 273.2 0 176 0z\"\/><\/svg>\n        \n        \n        \n            <\/div>\n    \n\n<div class=\"ee-iconbox-content\">\n      <h5 class=\"ee-iconbox-title\" >Chembra-Gipfel<\/h5>\n        <div class=\"ee-iconbox-text\" >Der Chembra-Gipfel erhebt sich majest\u00e4tisch in der bezaubernden Landschaft des Tigris-Tals und ist der h\u00f6chste Gipfel .....<\/div>\n            \n                                    \n              \n    \n    \n    \n            \n                    \n            \n            \n\n    \n              \n    \n    \n    <a class=\"breakdance-link button-atom button-atom--secondary ee-iconbox-button\" href=\"https:\/\/g.co\/kgs\/KYbr5uT\" target=\"_blank\" data-type=\"url\" id=\"chembra\">\n\n    \n        <span class=\"button-atom__text\">READ MORE<\/span>\n\n        \n        \n                <\/a>\n\n    \n\n  <\/div>\n\n<\/div>\n<\/div><div class=\"bde-div-1037-120 bde-div\">\n  \n\t\n\n\n\n<div class=\"bde-image-1037-121 bde-image\">\n<figure class=\"breakdance-image breakdance-image--1053\">\n\t<div class=\"breakdance-image-container\">\n\t\t<div class=\"breakdance-image-clip\"><img loading=\"lazy\" decoding=\"async\" class=\"breakdance-image-object\" src=\"https:\/\/tigrisvalley.com\/wp-content\/uploads\/2025\/06\/image-9.png\" width=\"450\" height=\"450\" srcset=\"https:\/\/tigrisvalley.com\/wp-content\/uploads\/2025\/06\/image-9.png 450w, https:\/\/tigrisvalley.com\/wp-content\/uploads\/2025\/06\/image-9-300x300.png 300w, https:\/\/tigrisvalley.com\/wp-content\/uploads\/2025\/06\/image-9-150x150.png 150w\" sizes=\"auto, (max-width: 450px) 100vw, 450px\"><\/div>\n\t<\/div><\/figure>\n\n<\/div><div class=\"bde-icon-box-1037-122 bde-icon-box\">\n\n    \n            <div class=\"ee-iconbox-icon breakdance-icon-atom\" >\n    \n                    <svg xmlns=\"http:\/\/www.w3.org\/2000\/svg\" viewbox=\"0 0 352 512\"><!-- Font Awesome Free 5.15.1 by @fontawesome - https:\/\/fontawesome.com License - https:\/\/fontawesome.com\/license\/free (Icons: CC BY 4.0, Fonts: SIL OFL 1.1, Code: MIT License) --><path d=\"M176 80c-52.94 0-96 43.06-96 96 0 8.84 7.16 16 16 16s16-7.16 16-16c0-35.3 28.72-64 64-64 8.84 0 16-7.16 16-16s-7.16-16-16-16zM96.06 459.17c0 3.15.93 6.22 2.68 8.84l24.51 36.84c2.97 4.46 7.97 7.14 13.32 7.14h78.85c5.36 0 10.36-2.68 13.32-7.14l24.51-36.84c1.74-2.62 2.67-5.7 2.68-8.84l.05-43.18H96.02l.04 43.18zM176 0C73.72 0 0 82.97 0 176c0 44.37 16.45 84.85 43.56 115.78 16.64 18.99 42.74 58.8 52.42 92.16v.06h48v-.12c-.01-4.77-.72-9.51-2.15-14.07-5.59-17.81-22.82-64.77-62.17-109.67-20.54-23.43-31.52-53.15-31.61-84.14-.2-73.64 59.67-128 127.95-128 70.58 0 128 57.42 128 128 0 30.97-11.24 60.85-31.65 84.14-39.11 44.61-56.42 91.47-62.1 109.46a47.507 47.507 0 0 0-2.22 14.3v.1h48v-.05c9.68-33.37 35.78-73.18 52.42-92.16C335.55 260.85 352 220.37 352 176 352 78.8 273.2 0 176 0z\"\/><\/svg>\n        \n        \n        \n            <\/div>\n    \n\n<div class=\"ee-iconbox-content\">\n      <h5 class=\"ee-iconbox-title\" >Wildtiere<\/h5>\n        <div class=\"ee-iconbox-text\" >Das Tigris-Tal.... umfasst ein vielf\u00e4ltiges \u00d6kosystem mit \u00fcppigen W\u00e4ldern, sanften H\u00fcgeln und unber\u00fchrten Gew\u00e4ssern.<\/div>\n            \n                                    \n              \n    \n    \n    \n            \n                    \n            \n            \n\n    \n              \n    \n    \n    <a class=\"breakdance-link button-atom button-atom--secondary ee-iconbox-button\" href=\"#\" target=\"_blank\" data-type=\"url\"  id=\"wildlife\" >\n\n    \n        <span class=\"button-atom__text\">READ MORE<\/span>\n\n        \n        \n                <\/a>\n\n    \n\n  <\/div>\n\n<\/div>\n<\/div>\n<\/div>\n<\/div><\/div>\n<\/section>","protected":false},"excerpt":{"rendered":"<p>Erleben Sie die Natur jenseits des Tigris-Tals. Wandern Sie durch nebelverhangene H\u00fcgel, \u00fcber Waldpfade und an ruhigen Wasserf\u00e4llen vorbei - jeder Zufluchtsort bietet ruhige Momente, die Ihre Wellness-Reise bereichern. Edakkal-H\u00f6hlen Die Edakkal-H\u00f6hlen, ein faszinierendes Terrain im Tigris-Tal, sind ein uraltes Zeugnis der menschlichen Zivilisation und der Natur.... READ MORE Thusharagiri Falls Versteckt im [...]<\/p>","protected":false},"author":1,"featured_media":0,"parent":0,"menu_order":0,"comment_status":"closed","ping_status":"closed","template":"","meta":{"_acf_changed":false,"_breakdance_hide_in_design_set":false,"_breakdance_tags":"","footnotes":""},"class_list":["post-1037","page","type-page","status-publish","hentry"],"acf":[],"_links":{"self":[{"href":"https:\/\/tigrisvalley.com\/de\/wp-json\/wp\/v2\/pages\/1037","targetHints":{"allow":["GET"]}}],"collection":[{"href":"https:\/\/tigrisvalley.com\/de\/wp-json\/wp\/v2\/pages"}],"about":[{"href":"https:\/\/tigrisvalley.com\/de\/wp-json\/wp\/v2\/types\/page"}],"author":[{"embeddable":true,"href":"https:\/\/tigrisvalley.com\/de\/wp-json\/wp\/v2\/users\/1"}],"replies":[{"embeddable":true,"href":"https:\/\/tigrisvalley.com\/de\/wp-json\/wp\/v2\/comments?post=1037"}],"version-history":[{"count":37,"href":"https:\/\/tigrisvalley.com\/de\/wp-json\/wp\/v2\/pages\/1037\/revisions"}],"predecessor-version":[{"id":8679,"href":"https:\/\/tigrisvalley.com\/de\/wp-json\/wp\/v2\/pages\/1037\/revisions\/8679"}],"wp:attachment":[{"href":"https:\/\/tigrisvalley.com\/de\/wp-json\/wp\/v2\/media?parent=1037"}],"curies":[{"name":"wp","href":"https:\/\/api.w.org\/{rel}","templated":true}]}}