{"id":476,"date":"2025-06-14T06:48:31","date_gmt":"2025-06-14T06:48:31","guid":{"rendered":"https:\/\/cezgpuqt7z.wpdns.site\/?page_id=476"},"modified":"2026-04-09T12:51:57","modified_gmt":"2026-04-09T07:21:57","slug":"acupuncture","status":"publish","type":"page","link":"https:\/\/tigrisvalley.com\/de\/ayush\/acupuncture\/","title":{"rendered":"Akupunktur"},"content":{"rendered":"<section class=\"bde-section-476-100 bde-section\">\n  \n\t\n\n\n\n<div class=\"section-container\"><\/div>\n<\/section><section class=\"bde-section-476-102 bde-section\">\n  \n\t\n\n\n\n<div class=\"section-container\"><div class=\"bde-columns-476-103 bde-columns\"><div class=\"bde-column-476-104 bde-column\">\n  \n\t\n\n\n\n<h2 class=\"bde-heading-476-105 bde-heading\">\nAkupunktur\n<\/h2><h4 class=\"bde-heading-476-106 bde-heading\">\nPr\u00e4zise Punkte. Nat\u00fcrliche Erleichterung. Die Harmonie der Akupunktur.\n<\/h4><div class=\"bde-text-476-107 bde-text\">\nAkupunktur ist eine traditionelle chinesische Heilmethode, bei der d\u00fcnne Nadeln in bestimmte Punkte des K\u00f6rpers gestochen werden, um den Energiefluss wiederherzustellen und die nat\u00fcrliche Heilung zu f\u00f6rdern. Im Tigris Valley setzen wir Akupunktur ein, um Schmerzen zu lindern, Stress abzubauen und das allgemeine Wohlbefinden zu f\u00f6rdern. Diese Praxis basiert auf dem Konzept des Qi - der Lebenskraft - und zielt darauf ab, Stagnationen zu beseitigen und K\u00f6rper, Geist und Seele in Einklang zu bringen. Die Einzigartigkeit der Akupunktur liegt in ihrer F\u00e4higkeit, die k\u00f6rpereigenen Heilungsreaktionen sanft und effektiv zu stimulieren.\n<\/div><div class=\"bde-button-476-108 bde-button\">\n    \n                                    \n    \n    \n    \n    \n            \n                    \n            \n            \n\n    \n    \n    \n    \n    <a class=\"breakdance-link button-atom button-atom--primary bde-button__button\" href=\"\/de\/contact-us\/\" target=\"_self\" data-type=\"url\"  >\n\n    \n        <span class=\"button-atom__text\">jetzt buchen<\/span>\n\n        \n        \n                <\/a>\n\n    \n\n\n<\/div>\n<\/div><div class=\"bde-column-476-109 bde-column\">\n  \n\t\n\n\n\n<div class=\"bde-image-476-110 bde-image\">\n<figure class=\"breakdance-image breakdance-image--255\">\n\t<div class=\"breakdance-image-container\">\n\t\t<div class=\"breakdance-image-clip\"><img loading=\"lazy\" decoding=\"async\" class=\"breakdance-image-object\" src=\"https:\/\/tigrisvalley.com\/wp-content\/uploads\/2025\/06\/53576.png\" width=\"618\" height=\"594\" srcset=\"https:\/\/tigrisvalley.com\/wp-content\/uploads\/2025\/06\/53576.png 618w, https:\/\/tigrisvalley.com\/wp-content\/uploads\/2025\/06\/53576-300x288.png 300w\" sizes=\"auto, (max-width: 618px) 100vw, 618px\"><\/div>\n\t<\/div><\/figure>\n\n<\/div>\n<\/div><\/div><\/div>\n<\/section>","protected":false},"excerpt":{"rendered":"<p>Akupunktur Pr\u00e4zise Punkte. Nat\u00fcrliche Linderung. Die Harmonie der Akupunktur. Akupunktur ist eine traditionelle chinesische Heilmethode, bei der d\u00fcnne Nadeln in bestimmte Punkte des K\u00f6rpers eingestochen werden, um den Energiefluss wiederherzustellen und die nat\u00fcrliche Heilung zu f\u00f6rdern. Im Tigris Valley setzen wir Akupunktur ein, um Schmerzen zu lindern, Stress abzubauen und das allgemeine Wohlbefinden zu f\u00f6rdern. Diese Praxis [...]<\/p>","protected":false},"author":1,"featured_media":0,"parent":232,"menu_order":0,"comment_status":"closed","ping_status":"closed","template":"","meta":{"_acf_changed":false,"_breakdance_hide_in_design_set":false,"_breakdance_tags":"","footnotes":""},"class_list":["post-476","page","type-page","status-publish","hentry"],"acf":[],"_links":{"self":[{"href":"https:\/\/tigrisvalley.com\/de\/wp-json\/wp\/v2\/pages\/476","targetHints":{"allow":["GET"]}}],"collection":[{"href":"https:\/\/tigrisvalley.com\/de\/wp-json\/wp\/v2\/pages"}],"about":[{"href":"https:\/\/tigrisvalley.com\/de\/wp-json\/wp\/v2\/types\/page"}],"author":[{"embeddable":true,"href":"https:\/\/tigrisvalley.com\/de\/wp-json\/wp\/v2\/users\/1"}],"replies":[{"embeddable":true,"href":"https:\/\/tigrisvalley.com\/de\/wp-json\/wp\/v2\/comments?post=476"}],"version-history":[{"count":6,"href":"https:\/\/tigrisvalley.com\/de\/wp-json\/wp\/v2\/pages\/476\/revisions"}],"predecessor-version":[{"id":10289,"href":"https:\/\/tigrisvalley.com\/de\/wp-json\/wp\/v2\/pages\/476\/revisions\/10289"}],"up":[{"embeddable":true,"href":"https:\/\/tigrisvalley.com\/de\/wp-json\/wp\/v2\/pages\/232"}],"wp:attachment":[{"href":"https:\/\/tigrisvalley.com\/de\/wp-json\/wp\/v2\/media?parent=476"}],"curies":[{"name":"wp","href":"https:\/\/api.w.org\/{rel}","templated":true}]}}