{"id":480,"date":"2025-06-14T06:56:26","date_gmt":"2025-06-14T06:56:26","guid":{"rendered":"https:\/\/cezgpuqt7z.wpdns.site\/?page_id=480"},"modified":"2026-04-09T12:52:16","modified_gmt":"2026-04-09T07:22:16","slug":"hijama","status":"publish","type":"page","link":"https:\/\/tigrisvalley.com\/de\/ayush\/hijama\/","title":{"rendered":"Hijama"},"content":{"rendered":"<section class=\"bde-section-480-100 bde-section\">\n  \n\t\n\n\n\n<div class=\"section-container\"><\/div>\n<\/section><section class=\"bde-section-480-102 bde-section\">\n  \n\t\n\n\n\n<div class=\"section-container\"><div class=\"bde-columns-480-103 bde-columns\"><div class=\"bde-column-480-104 bde-column\">\n  \n\t\n\n\n\n<h2 class=\"bde-heading-480-105 bde-heading\">\nHijama\n<\/h2><h4 class=\"bde-heading-480-106 bde-heading\">\nAlte Weisheit. Moderne Entgiftung. Die heilende Kraft des Hijama.\n<\/h4><div class=\"bde-text-480-107 bde-text\">\nHijama oder Schr\u00f6pftherapie ist eine prophetische und traditionelle Heilmethode, die zur Beseitigung von Giftstoffen, zur Verbesserung der Durchblutung und zur Linderung von k\u00f6rperlichem und emotionalem Stress eingesetzt wird. Sie wird seit Jahrhunderten im Nahen Osten und in Asien praktiziert. Tigris Valley bringt diese wirkungsvolle Therapie in einen modernen Wellness-Kontext. Kleine Saugn\u00e4pfe werden auf bestimmte Punkte gesetzt, um den Blutfluss anzuregen und Unreinheiten auszusaugen. Das Besondere an Hijama ist seine F\u00e4higkeit, das Blut zu reinigen und den K\u00f6rper ganzheitlich von innen zu verj\u00fcngen.\n<\/div><div class=\"bde-button-480-108 bde-button\">\n    \n                                    \n    \n    \n    \n    \n            \n                    \n            \n            \n\n    \n    \n    \n    \n    <a class=\"breakdance-link button-atom button-atom--primary bde-button__button\" href=\"\/de\/contact-us\/\" target=\"_self\" data-type=\"url\"  >\n\n    \n        <span class=\"button-atom__text\">jetzt buchen<\/span>\n\n        \n        \n                <\/a>\n\n    \n\n\n<\/div>\n<\/div><div class=\"bde-column-480-109 bde-column\">\n  \n\t\n\n\n\n<div class=\"bde-image-480-110 bde-image\">\n<figure class=\"breakdance-image breakdance-image--256\">\n\t<div class=\"breakdance-image-container\">\n\t\t<div class=\"breakdance-image-clip\"><img loading=\"lazy\" decoding=\"async\" class=\"breakdance-image-object\" src=\"https:\/\/tigrisvalley.com\/wp-content\/uploads\/2025\/06\/2148824058.png\" width=\"618\" height=\"594\" srcset=\"https:\/\/tigrisvalley.com\/wp-content\/uploads\/2025\/06\/2148824058.png 618w, https:\/\/tigrisvalley.com\/wp-content\/uploads\/2025\/06\/2148824058-300x288.png 300w\" sizes=\"auto, (max-width: 618px) 100vw, 618px\"><\/div>\n\t<\/div><\/figure>\n\n<\/div>\n<\/div><\/div><\/div>\n<\/section>","protected":false},"excerpt":{"rendered":"<p>Hijama Ancient Wisdom. Modern Detox. The Healing Power of Hijama. Hijama, or cupping therapy, is a prophetic and traditional healing method used to remove toxins, improve circulation, and relieve physical and emotional stress. Practiced for centuries across the Middle East and Asia, Tigris Valley brings this powerful therapy into a modern wellness context. Small suction [&hellip;]<\/p>","protected":false},"author":1,"featured_media":0,"parent":232,"menu_order":0,"comment_status":"closed","ping_status":"closed","template":"","meta":{"_acf_changed":false,"_breakdance_hide_in_design_set":false,"_breakdance_tags":"","footnotes":""},"class_list":["post-480","page","type-page","status-publish","hentry"],"acf":[],"_links":{"self":[{"href":"https:\/\/tigrisvalley.com\/de\/wp-json\/wp\/v2\/pages\/480","targetHints":{"allow":["GET"]}}],"collection":[{"href":"https:\/\/tigrisvalley.com\/de\/wp-json\/wp\/v2\/pages"}],"about":[{"href":"https:\/\/tigrisvalley.com\/de\/wp-json\/wp\/v2\/types\/page"}],"author":[{"embeddable":true,"href":"https:\/\/tigrisvalley.com\/de\/wp-json\/wp\/v2\/users\/1"}],"replies":[{"embeddable":true,"href":"https:\/\/tigrisvalley.com\/de\/wp-json\/wp\/v2\/comments?post=480"}],"version-history":[{"count":5,"href":"https:\/\/tigrisvalley.com\/de\/wp-json\/wp\/v2\/pages\/480\/revisions"}],"predecessor-version":[{"id":10290,"href":"https:\/\/tigrisvalley.com\/de\/wp-json\/wp\/v2\/pages\/480\/revisions\/10290"}],"up":[{"embeddable":true,"href":"https:\/\/tigrisvalley.com\/de\/wp-json\/wp\/v2\/pages\/232"}],"wp:attachment":[{"href":"https:\/\/tigrisvalley.com\/de\/wp-json\/wp\/v2\/media?parent=480"}],"curies":[{"name":"wp","href":"https:\/\/api.w.org\/{rel}","templated":true}]}}