{"id":797,"date":"2025-06-18T09:51:45","date_gmt":"2025-06-18T09:51:45","guid":{"rendered":"https:\/\/cezgpuqt7z.wpdns.site\/?page_id=797"},"modified":"2026-04-09T13:52:24","modified_gmt":"2026-04-09T08:22:24","slug":"getting-to-tigris-valley","status":"publish","type":"page","link":"https:\/\/tigrisvalley.com\/de\/getting-to-tigris-valley\/","title":{"rendered":"Anreise zum Tigris-Tal"},"content":{"rendered":"<section class=\"bde-section-797-100 bde-section\">\n  \n\t\n\n\n\n<div class=\"section-container\"><\/div>\n<\/section><section class=\"bde-section-797-103 bde-section\">\n  \n\t\n\n\n\n<div class=\"section-container\"><h1 class=\"bde-heading-797-162 bde-heading\">\nAnreise ins Tigris-Tal\n<\/h1><div class=\"bde-div-797-104 bde-div\">\n  \n\t\n\n\n\n<h2 class=\"bde-heading-797-105 bde-heading\">\nMit dem Flugzeug anreisen\n<\/h2><div class=\"bde-div-797-108 bde-div\">\n  \n\t\n\n\n\n<div class=\"bde-icon-list-797-106 bde-icon-list\">\n<ul>\n  \n              \n    <li>\n              <div class='bde-icon-list__item-wrapper'>\n      \n      <span class='bde-icon-list__icon'>\n        <svg xmlns=\"http:\/\/www.w3.org\/2000\/svg\" width=\"38\" height=\"6\" viewbox=\"0 0 38 6\" fill=\"none\">\r\n<path d=\"M32.3333 3C32.3333 4.47276 33.5272 5.66666 35 5.66666C36.4728 5.66666 37.6667 4.47276 37.6667 3C37.6667 1.52724 36.4728 0.33333 35 0.33333C33.5272 0.33333 32.3333 1.52724 32.3333 3ZM0 3L4.37114e-08 3.5L35 3.5L35 3L35 2.5L-4.37114e-08 2.5L0 3Z\" fill=\"black\"\/>\r\n<\/svg>\n      <\/span>\n      <span class='bde-icon-list__text' >\n      Flughafen Kozhikode (Internationaler Flughafen Calicut)\n      <\/span>\n              <\/div>\n      \n    <\/li>\n\n  <\/ul>\n\n<\/div><div class=\"bde-text-797-107 bde-text\">\nDer Flughafen Calicut, der nur 1 bis 1,5 Stunden \u00fcber die Umgehungsstra\u00dfe von Kozhikode entfernt liegt, wird sowohl von Inlands- als auch von Auslandsfl\u00fcgen angeflogen und ist damit die bequemste Wahl f\u00fcr Reisende aus aller Welt.\n<\/div>\n<\/div><div class=\"bde-div-797-109 bde-div\">\n  \n\t\n\n\n\n<div class=\"bde-icon-list-797-110 bde-icon-list\">\n<ul>\n  \n              \n    <li>\n              <div class='bde-icon-list__item-wrapper'>\n      \n      <span class='bde-icon-list__icon'>\n        <svg xmlns=\"http:\/\/www.w3.org\/2000\/svg\" width=\"38\" height=\"6\" viewbox=\"0 0 38 6\" fill=\"none\">\r\n<path d=\"M32.3333 3C32.3333 4.47276 33.5272 5.66666 35 5.66666C36.4728 5.66666 37.6667 4.47276 37.6667 3C37.6667 1.52724 36.4728 0.33333 35 0.33333C33.5272 0.33333 32.3333 1.52724 32.3333 3ZM0 3L4.37114e-08 3.5L35 3.5L35 3L35 2.5L-4.37114e-08 2.5L0 3Z\" fill=\"black\"\/>\r\n<\/svg>\n      <\/span>\n      <span class='bde-icon-list__text' >\n      Internationaler Flughafen Kannur\n      <\/span>\n              <\/div>\n      \n    <\/li>\n\n  <\/ul>\n\n<\/div><div class=\"bde-text-797-111 bde-text\">\nKannur ist der neueste Flughafen in Kerala und bietet hervorragende Verbindungen auf inl\u00e4ndischen und ausgew\u00e4hlten internationalen Strecken. <br>Eine bequeme Fahrt durch malerische T\u00e4ler bringt Sie in etwa 2 Stunden ins Tigris-Tal.\n<\/div>\n<\/div>\n<\/div><div class=\"bde-div-797-112 bde-div\">\n  \n\t\n\n\n\n<h2 class=\"bde-heading-797-113 bde-heading\">\nMit dem Zug anreisen\n<\/h2><div class=\"bde-div-797-114 bde-div\">\n  \n\t\n\n\n\n<div class=\"bde-icon-list-797-115 bde-icon-list\">\n<ul>\n  \n              \n    <li>\n              <div class='bde-icon-list__item-wrapper'>\n      \n      <span class='bde-icon-list__icon'>\n        <svg xmlns=\"http:\/\/www.w3.org\/2000\/svg\" width=\"38\" height=\"6\" viewbox=\"0 0 38 6\" fill=\"none\">\r\n<path d=\"M32.3333 3C32.3333 4.47276 33.5272 5.66666 35 5.66666C36.4728 5.66666 37.6667 4.47276 37.6667 3C37.6667 1.52724 36.4728 0.33333 35 0.33333C33.5272 0.33333 32.3333 1.52724 32.3333 3ZM0 3L4.37114e-08 3.5L35 3.5L35 3L35 2.5L-4.37114e-08 2.5L0 3Z\" fill=\"black\"\/>\r\n<\/svg>\n      <\/span>\n      <span class='bde-icon-list__text' >\n      Bahnhof Kozhikode\n      <\/span>\n              <\/div>\n      \n    <\/li>\n\n  <\/ul>\n\n<\/div><div class=\"bde-text-797-116 bde-text\">\nDer im Herzen der Stadt Kozhikode gelegene Bahnhof ist ein wichtiger Eisenbahnknotenpunkt, der Kerala mit allen Teilen Indiens verbindet. Vom Bahnhof aus ist das Tigris Valley nur eine kurze Fahrt entfernt.\n<\/div>\n<\/div>\n<\/div><div class=\"bde-div-797-120 bde-div\">\n  \n\t\n\n\n\n<h2 class=\"bde-heading-797-121 bde-heading\">\nAnreise mit dem Auto\n<\/h2><div class=\"bde-div-797-122 bde-div\">\n  \n\t\n\n\n\n<div class=\"bde-icon-list-797-123 bde-icon-list\">\n<ul>\n  \n              \n    <li>\n              <div class='bde-icon-list__item-wrapper'>\n      \n      <span class='bde-icon-list__icon'>\n        <svg xmlns=\"http:\/\/www.w3.org\/2000\/svg\" width=\"38\" height=\"6\" viewbox=\"0 0 38 6\" fill=\"none\">\r\n<path d=\"M32.3333 3C32.3333 4.47276 33.5272 5.66666 35 5.66666C36.4728 5.66666 37.6667 4.47276 37.6667 3C37.6667 1.52724 36.4728 0.33333 35 0.33333C33.5272 0.33333 32.3333 1.52724 32.3333 3ZM0 3L4.37114e-08 3.5L35 3.5L35 3L35 2.5L-4.37114e-08 2.5L0 3Z\" fill=\"black\"\/>\r\n<\/svg>\n      <\/span>\n      <span class='bde-icon-list__text' >\n      Wayanad Churam (Bergpass)\n      <\/span>\n              <\/div>\n      \n    <\/li>\n\n  <\/ul>\n\n<\/div><div class=\"bde-text-797-124 bde-text\">\nDiese 14 km lange Strecke durch die Western Ghats ist ein atemberaubender Aufstieg nach Wayanad, der Panoramablicke und \u00fcppiges Gr\u00fcn entlang des Weges bietet.\n<\/div>\n<\/div><div class=\"bde-div-797-125 bde-div\">\n  \n\t\n\n\n\n<div class=\"bde-icon-list-797-126 bde-icon-list\">\n<ul>\n  \n              \n    <li>\n              <div class='bde-icon-list__item-wrapper'>\n      \n      <span class='bde-icon-list__icon'>\n        <svg xmlns=\"http:\/\/www.w3.org\/2000\/svg\" width=\"38\" height=\"6\" viewbox=\"0 0 38 6\" fill=\"none\">\r\n<path d=\"M32.3333 3C32.3333 4.47276 33.5272 5.66666 35 5.66666C36.4728 5.66666 37.6667 4.47276 37.6667 3C37.6667 1.52724 36.4728 0.33333 35 0.33333C33.5272 0.33333 32.3333 1.52724 32.3333 3ZM0 3L4.37114e-08 3.5L35 3.5L35 3L35 2.5L-4.37114e-08 2.5L0 3Z\" fill=\"black\"\/>\r\n<\/svg>\n      <\/span>\n      <span class='bde-icon-list__text' >\n      Thamarassery Stadt\n      <\/span>\n              <\/div>\n      \n    <\/li>\n\n  <\/ul>\n\n<\/div><div class=\"bde-text-797-127 bde-text\">\nThamarassery, das Tor zum Distrikt Wayanad, ist der Ort, an dem Ihre Bergreise beginnt. Es ist der Beginn des malerischen Churam-Passes.\n<\/div>\n<\/div>\n<\/div><\/div>\n<\/section><section class=\"bde-section-797-128 bde-section\">\n  \n\t\n\n\n\n<div class=\"section-container\"><div class=\"bde-div-797-129 bde-div\" data-entrance=\"slideUp\">\n  \n\t\n\n\n\n<h2 class=\"bde-heading-797-130 bde-heading\">\nLandschaftliche Zwischenstopps auf dem Weg zum Wellness\n<\/h2><div class=\"bde-text-797-131 bde-text\">\nHighlights, die Ihre Reise ins Tigris-Tal bereichern.\n<\/div>\n<\/div><div class=\"bde-advancedslider-797-146 bde-advancedslider near_stops\">\n<div class=\"breakdance-swiper-wrapper\" data-swiper-id=\"146\">\n  <div class=\"swiper\">\n    <div class=\"swiper-wrapper\">\n      <div class=\"bde-advancedslide-797-147 bde-advancedslide swiper-slide\">\n<div class=\"advanced-slider__slide\">\n  <div class=\"bde-image-797-157 bde-image\">\n<figure class=\"breakdance-image breakdance-image--817\">\n\t<div class=\"breakdance-image-container\">\n\t\t<div class=\"breakdance-image-clip\"><a class=\"breakdance-image-link breakdance-image-link--url\" href=\"https:\/\/maps.app.goo.gl\/mBLA9rMeDXqoY48EA\" target=\"_blank\" rel=\"noopener\" data-sub-html=\"\" data-lg-size=\"-\"><img loading=\"lazy\" decoding=\"async\" class=\"breakdance-image-object\" src=\"https:\/\/tigrisvalley.com\/wp-content\/uploads\/2025\/06\/Group-145393.png\" width=\"797\" height=\"506\" srcset=\"https:\/\/tigrisvalley.com\/wp-content\/uploads\/2025\/06\/Group-145393.png 797w, https:\/\/tigrisvalley.com\/wp-content\/uploads\/2025\/06\/Group-145393-300x190.png 300w, https:\/\/tigrisvalley.com\/wp-content\/uploads\/2025\/06\/Group-145393-768x488.png 768w\" sizes=\"auto, (max-width: 797px) 100vw, 797px\"><\/a><\/div>\n\t<\/div><\/figure>\n\n<\/div>\n<\/div>\n<\/div><div class=\"bde-advancedslide-797-158 bde-advancedslide swiper-slide\">\n<div class=\"advanced-slider__slide\">\n  <div class=\"bde-image-797-159 bde-image\">\n<figure class=\"breakdance-image breakdance-image--821\">\n\t<div class=\"breakdance-image-container\">\n\t\t<div class=\"breakdance-image-clip\"><a class=\"breakdance-image-link breakdance-image-link--url\" href=\"https:\/\/maps.app.goo.gl\/jvznrvZdYG7o8a6Y8\" target=\"_blank\" rel=\"noopener\" data-sub-html=\"\" data-lg-size=\"-\"><img loading=\"lazy\" decoding=\"async\" class=\"breakdance-image-object\" src=\"https:\/\/tigrisvalley.com\/wp-content\/uploads\/2025\/06\/2-10.png\" width=\"797\" height=\"506\" srcset=\"https:\/\/tigrisvalley.com\/wp-content\/uploads\/2025\/06\/2-10.png 797w, https:\/\/tigrisvalley.com\/wp-content\/uploads\/2025\/06\/2-10-300x190.png 300w, https:\/\/tigrisvalley.com\/wp-content\/uploads\/2025\/06\/2-10-768x488.png 768w\" sizes=\"auto, (max-width: 797px) 100vw, 797px\"><\/a><\/div>\n\t<\/div><\/figure>\n\n<\/div>\n<\/div>\n<\/div><div class=\"bde-advancedslide-797-160 bde-advancedslide swiper-slide\">\n<div class=\"advanced-slider__slide\">\n  <div class=\"bde-image-797-161 bde-image\">\n<figure class=\"breakdance-image breakdance-image--822\">\n\t<div class=\"breakdance-image-container\">\n\t\t<div class=\"breakdance-image-clip\"><a class=\"breakdance-image-link breakdance-image-link--url\" href=\"https:\/\/maps.app.goo.gl\/r8Xf2GjovswvwuJZ6\" target=\"_blank\" rel=\"noopener\" data-sub-html=\"\" data-lg-size=\"-\"><img loading=\"lazy\" decoding=\"async\" class=\"breakdance-image-object\" src=\"https:\/\/tigrisvalley.com\/wp-content\/uploads\/2025\/06\/3-9.png\" width=\"797\" height=\"506\" srcset=\"https:\/\/tigrisvalley.com\/wp-content\/uploads\/2025\/06\/3-9.png 797w, https:\/\/tigrisvalley.com\/wp-content\/uploads\/2025\/06\/3-9-300x190.png 300w, https:\/\/tigrisvalley.com\/wp-content\/uploads\/2025\/06\/3-9-768x488.png 768w\" sizes=\"auto, (max-width: 797px) 100vw, 797px\"><\/a><\/div>\n\t<\/div><\/figure>\n\n<\/div>\n<\/div>\n<\/div>\n    <\/div>\n  <\/div>\n\n              <div class=\"swiper-button-prev\">\n            \n        <\/div>\n        <div class=\"swiper-button-next\">\n            \n        <\/div>\n    \n    \n<\/div>\n\n<\/div><\/div>\n<\/section><section class=\"bde-section-797-132 bde-section\">\n  \n\t\n\n\n\n<div class=\"section-container\"><div class=\"bde-div-797-133 bde-div\" data-entrance=\"slideUp\">\n  \n\t\n\n\n\n<h2 class=\"bde-heading-797-134 bde-heading\">\nBrauchen Sie Unterst\u00fctzung bei Ihrer Reise?\n<\/h2><div class=\"bde-text-797-135 bde-text\">\nUnser Gastfreundschaftsteam ist f\u00fcr Sie da. Von der Organisation von Abholungen bis hin zur Unterst\u00fctzung bei der Reiseplanung sind wir nur einen Anruf oder eine Nachricht entfernt.\n<\/div><div class=\"bde-div-797-136 bde-div\">\n  \n\t\n\n\n\n<div class=\"bde-grid-797-137 bde-grid\">\n  \n\t\n\n\n\n<div class=\"bde-icon-list-797-138 bde-icon-list\">\n<ul>\n  \n              \n    <li>\n                      \n            \n            \n\n    \n    \n    \n    \n    <a class=\"breakdance-link bde-icon-list__item-wrapper\" href=\"tel:+919072661622\" target=\"_self\" data-type=\"url\"  >\n\n      \n      <span class='bde-icon-list__icon'>\n        <svg xmlns=\"http:\/\/www.w3.org\/2000\/svg\" viewbox=\"0 0 448 512\"><!--! Font Awesome Free 6.5.1 by @fontawesome - https:\/\/fontawesome.com License - https:\/\/fontawesome.com\/license\/free (Icons: CC BY 4.0, Fonts: SIL OFL 1.1, Code: MIT License) Copyright 2023 Fonticons, Inc. --><path d=\"M380.9 97.1C339 55.1 283.2 32 223.9 32c-122.4 0-222 99.6-222 222 0 39.1 10.2 77.3 29.6 111L0 480l117.7-30.9c32.4 17.7 68.9 27 106.1 27h.1c122.3 0 224.1-99.6 224.1-222 0-59.3-25.2-115-67.1-157zm-157 341.6c-33.2 0-65.7-8.9-94-25.7l-6.7-4-69.8 18.3L72 359.2l-4.4-7c-18.5-29.4-28.2-63.3-28.2-98.2 0-101.7 82.8-184.5 184.6-184.5 49.3 0 95.6 19.2 130.4 54.1 34.8 34.9 56.2 81.2 56.1 130.5 0 101.8-84.9 184.6-186.6 184.6zm101.2-138.2c-5.5-2.8-32.8-16.2-37.9-18-5.1-1.9-8.8-2.8-12.5 2.8-3.7 5.6-14.3 18-17.6 21.8-3.2 3.7-6.5 4.2-12 1.4-32.6-16.3-54-29.1-75.5-66-5.7-9.8 5.7-9.1 16.3-30.3 1.8-3.7.9-6.9-.5-9.7-1.4-2.8-12.5-30.1-17.1-41.2-4.5-10.8-9.1-9.3-12.5-9.5-3.2-.2-6.9-.2-10.6-.2-3.7 0-9.7 1.4-14.8 6.9-5.1 5.6-19.4 19-19.4 46.3 0 27.3 19.9 53.7 22.6 57.4 2.8 3.7 39.1 59.7 94.8 83.8 35.2 15.2 49 16.5 66.6 13.9 10.7-1.6 32.8-13.4 37.4-26.4 4.6-13 4.6-24.1 3.2-26.4-1.3-2.5-5-3.9-10.5-6.6z\"\/><\/svg>\n      <\/span>\n      <span class='bde-icon-list__text' >\n      +91 9072661622\n      <\/span>\n                  <\/a>\n\n      \n    <\/li>\n\n  <\/ul>\n\n<\/div><div class=\"bde-icon-list-797-139 bde-icon-list\">\n<ul>\n  \n              \n    <li>\n                      \n            \n            \n\n    \n    \n    \n    \n    <a class=\"breakdance-link bde-icon-list__item-wrapper\" href=\"mailto:info@tigrisvalley.com\" target=\"_self\" data-type=\"url\"  >\n\n      \n      <span class='bde-icon-list__icon'>\n        <svg xmlns=\"http:\/\/www.w3.org\/2000\/svg\" width=\"58\" height=\"58\" viewbox=\"0 0 58 58\" fill=\"none\">\r\n<path d=\"M57.3203 10.8296C57.3203 10.7843 57.3203 10.739 57.309 10.6824C57.309 10.671 57.309 10.671 57.309 10.6597C57.2977 10.6144 57.2977 10.5691 57.275 10.5238C57.275 10.5125 57.275 10.5125 57.2637 10.5011C57.2637 10.4898 57.2523 10.4671 57.2523 10.4558C57.241 10.4218 57.2297 10.3992 57.2184 10.3652V10.3539C57.1957 10.3085 57.173 10.2746 57.1504 10.2292C57.1504 10.2292 57.1504 10.2179 57.1391 10.2179C57.1164 10.1726 57.0824 10.1386 57.0598 10.1046L57.0484 10.0933C57.0145 10.0593 56.9918 10.0253 56.9578 9.99136C56.9465 9.99136 56.9465 9.98003 56.9352 9.98003C56.9012 9.94604 56.8672 9.92339 56.8219 9.90073C56.8105 9.90073 56.8105 9.8894 56.7992 9.8894C56.7539 9.86675 56.7199 9.84409 56.6746 9.82143H56.6633C56.618 9.79878 56.5727 9.77612 56.5273 9.76479C56.482 9.75347 56.4367 9.74214 56.3801 9.73081H56.3688C56.3234 9.71948 56.2781 9.71948 56.2328 9.71948C56.2215 9.71948 56.2215 9.71948 56.2102 9.71948C56.1988 9.71948 56.1988 9.71948 56.1875 9.71948H1.8125C1.80117 9.71948 1.80117 9.71948 1.78984 9.71948C1.77852 9.71948 1.77852 9.71948 1.76719 9.71948C1.72188 9.71948 1.67656 9.73081 1.63125 9.73081H1.61992C1.57461 9.74214 1.5293 9.75347 1.47266 9.76479C1.42734 9.77612 1.38203 9.79878 1.33672 9.82143H1.32539C1.28008 9.84409 1.24609 9.86675 1.20078 9.8894C1.18945 9.8894 1.18945 9.90073 1.17812 9.90073C1.14414 9.92339 1.11016 9.95737 1.06484 9.98003C1.05352 9.98003 1.05352 9.99136 1.04219 9.99136C1.0082 10.0253 0.974219 10.0593 0.951562 10.0933L0.940234 10.1046C0.90625 10.1386 0.883594 10.1839 0.860937 10.2179C0.860937 10.2179 0.860938 10.2292 0.849609 10.2292C0.826953 10.2632 0.804297 10.3085 0.781641 10.3539V10.3652C0.770313 10.3992 0.758984 10.4218 0.747656 10.4558C0.747656 10.4671 0.736328 10.4898 0.736328 10.5011C0.736328 10.5125 0.736328 10.5125 0.725 10.5238C0.713672 10.5691 0.702344 10.6144 0.691016 10.6597C0.691016 10.671 0.691016 10.671 0.691016 10.6824C0.679687 10.739 0.679688 10.7843 0.679688 10.8296C0.679688 10.8296 0.679688 10.8296 0.679688 10.841V45.7089V47.1589C0.679688 47.782 1.18945 48.2917 1.8125 48.2917H56.1875C56.8105 48.2917 57.3203 47.782 57.3203 47.1589V45.7089V10.8296C57.3203 10.841 57.3203 10.841 57.3203 10.8296ZM2.94531 13.1859L14.2055 22.1125L21.8633 28.1843L2.94531 43.3414V13.1859ZM23.6984 29.6343L28.309 33.2027C28.3316 33.2253 28.3656 33.2367 28.3883 33.2593C28.7621 33.4972 29.2492 33.4972 29.623 33.2593C29.6457 33.2367 29.6797 33.2253 29.7023 33.2027L34.3129 29.6343L54.7828 46.0261H3.22852L23.6984 29.6343ZM36.1367 28.1957L43.7945 22.1238L55.0547 13.1972V43.3527L36.1367 28.1957ZM52.9363 11.9738L44.1684 18.9292L33.6219 27.3007L29 30.8691L24.3781 27.3007L13.8316 18.9406L5.06367 11.9851H52.9363V11.9738Z\" fill=\"#1B3D2F\"\/>\r\n<\/svg>\n      <\/span>\n      <span class='bde-icon-list__text' >\n      info@tigrisvalley.com\n      <\/span>\n                  <\/a>\n\n      \n    <\/li>\n\n  <\/ul>\n\n<\/div>\n<\/div>\n<\/div>\n<\/div><div class=\"bde-div-797-140 bde-div\">\n  \n\t\n\n\n\n<div class=\"bde-google-map-797-141 bde-google-map\">\n\r\n<iframe width=\"100%\" height=\"100%\" style=\"border:0\" loading=\"lazy\" title=\"Karte\" src=\"https:\/\/maps.google.com\/maps?q=TIGRIS+VALLEY+Markaz+Knowledge+City+Road%2C+Road%2C+Kaithappoyil%2C+Adivaram%2C+Kerala&t=m&z=14&output=embed&iwloc=near\" allowfullscreen><\/iframe>\n\n<\/div>\n<\/div><\/div>\n<\/section><section class=\"bde-section-797-143 bde-section\">\n              \n  \n\t    \n      <div class=\"section-background-video\">\n              <video\n          autoplay\n muted\n loop\n>\n        <source src=\"https:\/\/tigrisvalley.com\/wp-content\/uploads\/2025\/06\/AI.mp4\" type=\"video\/mp4\" \/>\n      <\/video>\n      <\/div>\n\n\n  <div class=\"section-background-overlay\"><\/div>\n\n\n<div class=\"section-container\"><div class=\"bde-div-797-144 bde-div\">\n  \n\t\n\n\n\n<h2 class=\"bde-heading-797-145 bde-heading\">\nJede Meile zum Tigris-Tal <br>entl\u00e4sst Sie aus dem Stadtleben in die Ruhe.<br>Ihr R\u00fcckzug beginnt mit der Reise.\n<\/h2>\n<\/div><\/div>\n<\/section>","protected":false},"excerpt":{"rendered":"<p>Getting to tigris valley Arrive by Air Kozhikode Airport (Calicut International Airport) Located just 1 to 1.5 hours away via Kozhikode bypass, Calicut Airport operates both domestic and international flights, making it the most convenient choice for travelers worldwide. Kannur International Airport Kerala\u2019s newest airport, Kannur offers excellent connectivity through domestic and select international routes. [&hellip;]<\/p>","protected":false},"author":1,"featured_media":0,"parent":0,"menu_order":0,"comment_status":"closed","ping_status":"closed","template":"","meta":{"_acf_changed":false,"_breakdance_hide_in_design_set":false,"_breakdance_tags":"","footnotes":""},"class_list":["post-797","page","type-page","status-publish","hentry"],"acf":[],"_links":{"self":[{"href":"https:\/\/tigrisvalley.com\/de\/wp-json\/wp\/v2\/pages\/797","targetHints":{"allow":["GET"]}}],"collection":[{"href":"https:\/\/tigrisvalley.com\/de\/wp-json\/wp\/v2\/pages"}],"about":[{"href":"https:\/\/tigrisvalley.com\/de\/wp-json\/wp\/v2\/types\/page"}],"author":[{"embeddable":true,"href":"https:\/\/tigrisvalley.com\/de\/wp-json\/wp\/v2\/users\/1"}],"replies":[{"embeddable":true,"href":"https:\/\/tigrisvalley.com\/de\/wp-json\/wp\/v2\/comments?post=797"}],"version-history":[{"count":43,"href":"https:\/\/tigrisvalley.com\/de\/wp-json\/wp\/v2\/pages\/797\/revisions"}],"predecessor-version":[{"id":10304,"href":"https:\/\/tigrisvalley.com\/de\/wp-json\/wp\/v2\/pages\/797\/revisions\/10304"}],"wp:attachment":[{"href":"https:\/\/tigrisvalley.com\/de\/wp-json\/wp\/v2\/media?parent=797"}],"curies":[{"name":"wp","href":"https:\/\/api.w.org\/{rel}","templated":true}]}}