{"id":8496,"date":"2025-10-10T06:06:04","date_gmt":"2025-10-10T06:06:04","guid":{"rendered":"https:\/\/cezgpuqt7z-staging.wpdns.site\/?page_id=8496"},"modified":"2026-04-09T13:47:41","modified_gmt":"2026-04-09T08:17:41","slug":"services","status":"publish","type":"page","link":"https:\/\/tigrisvalley.com\/de\/services\/","title":{"rendered":"Dienstleistungen"},"content":{"rendered":"<section class=\"bde-section-8496-100 bde-section\">\n  \n\t\n\n\n\n<div class=\"section-container\"><\/div>\n<\/section><section class=\"bde-section-8496-131 bde-section\">\n  \n\t\n\n\n\n<div class=\"section-container\"><div class=\"bde-columns-8496-132 bde-columns\"><div class=\"bde-column-8496-133 bde-column\">\n  \n\t\n\n\n\n<div class=\"bde-image-8496-135 bde-image\">\n<figure class=\"breakdance-image breakdance-image--8673\">\n\t<div class=\"breakdance-image-container\">\n\t\t<div class=\"breakdance-image-clip\"><img loading=\"lazy\" decoding=\"async\" class=\"breakdance-image-object\" src=\"https:\/\/tigrisvalley.com\/wp-content\/uploads\/2025\/10\/WhatsApp-Image-2025-10-11-at-3.35.53-PM.png\" width=\"763\" height=\"736\" srcset=\"https:\/\/tigrisvalley.com\/wp-content\/uploads\/2025\/10\/WhatsApp-Image-2025-10-11-at-3.35.53-PM.png 763w, https:\/\/tigrisvalley.com\/wp-content\/uploads\/2025\/10\/WhatsApp-Image-2025-10-11-at-3.35.53-PM-300x289.png 300w\" sizes=\"auto, (max-width: 763px) 100vw, 763px\"><\/div>\n\t<\/div><\/figure>\n\n<\/div>\n<\/div><div class=\"bde-column-8496-134 bde-column\">\n  \n\t\n\n\n\n<h4 class=\"bde-heading-8496-136 bde-heading\">\nZahnarztpraxis\n<\/h4><div class=\"bde-text-8496-155 bde-text\">\nUnser Dental Studio bietet fachkundige zahn\u00e4rztliche Betreuung in einer komfortablen und hygienischen Umgebung. Von Routineuntersuchungen bis hin zu fortgeschrittenen Behandlungen konzentrieren wir uns auf die Erhaltung Ihrer Mundgesundheit und sorgen gleichzeitig f\u00fcr eine entspannte und stressfreie Erfahrung. Sanfte, pr\u00e4zise und pers\u00f6nliche Betreuung f\u00fcr jedes L\u00e4cheln.\n<\/div>\n<\/div><\/div><\/div>\n<\/section><section class=\"bde-section-8496-137 bde-section\">\n  \n\t\n\n\n\n<div class=\"section-container\"><div class=\"bde-columns-8496-138 bde-columns\"><div class=\"bde-column-8496-141 bde-column\">\n  \n\t\n\n\n\n<h4 class=\"bde-heading-8496-142 bde-heading\">\nFitnessstudio mit Trainern\n<\/h4><div class=\"bde-text-8496-156 bde-text\">\nErreichen Sie Ihre Fitnessziele in unserem voll ausgestatteten Fitnessstudio, angeleitet von professionellen Trainern, die Ihnen individuelle Trainingspl\u00e4ne und fachkundige Unterst\u00fctzung bieten. Egal, ob Sie sich auf Kraft, Ausdauer oder allgemeines Wohlbefinden konzentrieren, unsere Trainer sorgen f\u00fcr sichere, effektive und motivierende Trainingseinheiten in einer modernen, anregenden Umgebung.\n<\/div>\n<\/div><div class=\"bde-column-8496-139 bde-column\">\n  \n\t\n\n\n\n<div class=\"bde-image-8496-140 bde-image\">\n<figure class=\"breakdance-image breakdance-image--308\">\n\t<div class=\"breakdance-image-container\">\n\t\t<div class=\"breakdance-image-clip\"><img loading=\"lazy\" decoding=\"async\" class=\"breakdance-image-object\" src=\"https:\/\/tigrisvalley.com\/wp-content\/uploads\/2025\/06\/DSC_2297_HDR.jpg\" width=\"8256\" height=\"5504\" srcset=\"https:\/\/tigrisvalley.com\/wp-content\/uploads\/2025\/06\/DSC_2297_HDR.jpg 8256w, https:\/\/tigrisvalley.com\/wp-content\/uploads\/2025\/06\/DSC_2297_HDR-300x200.jpg 300w, https:\/\/tigrisvalley.com\/wp-content\/uploads\/2025\/06\/DSC_2297_HDR-1024x683.jpg 1024w, https:\/\/tigrisvalley.com\/wp-content\/uploads\/2025\/06\/DSC_2297_HDR-768x512.jpg 768w, https:\/\/tigrisvalley.com\/wp-content\/uploads\/2025\/06\/DSC_2297_HDR-1536x1024.jpg 1536w\" sizes=\"auto, (max-width: 8256px) 100vw, 8256px\"><\/div>\n\t<\/div><\/figure>\n\n<\/div>\n<\/div><\/div><\/div>\n<\/section><section class=\"bde-section-8496-143 bde-section\">\n  \n\t\n\n\n\n<div class=\"section-container\"><div class=\"bde-columns-8496-144 bde-columns\"><div class=\"bde-column-8496-147 bde-column\">\n  \n\t\n\n\n\n<div class=\"bde-image-8496-148 bde-image\">\n<figure class=\"breakdance-image breakdance-image--8632\">\n\t<div class=\"breakdance-image-container\">\n\t\t<div class=\"breakdance-image-clip\"><img loading=\"lazy\" decoding=\"async\" class=\"breakdance-image-object\" src=\"https:\/\/tigrisvalley.com\/wp-content\/uploads\/2025\/10\/DSC_0669-scaled.jpg\" width=\"2560\" height=\"1707\" srcset=\"https:\/\/tigrisvalley.com\/wp-content\/uploads\/2025\/10\/DSC_0669-scaled.jpg 2560w, https:\/\/tigrisvalley.com\/wp-content\/uploads\/2025\/10\/DSC_0669-300x200.jpg 300w, https:\/\/tigrisvalley.com\/wp-content\/uploads\/2025\/10\/DSC_0669-1024x683.jpg 1024w, https:\/\/tigrisvalley.com\/wp-content\/uploads\/2025\/10\/DSC_0669-768x512.jpg 768w, https:\/\/tigrisvalley.com\/wp-content\/uploads\/2025\/10\/DSC_0669-1536x1024.jpg 1536w, https:\/\/tigrisvalley.com\/wp-content\/uploads\/2025\/10\/DSC_0669-2048x1365.jpg 2048w\" sizes=\"auto, (max-width: 2560px) 100vw, 2560px\"><\/div>\n\t<\/div><\/figure>\n\n<\/div>\n<\/div><div class=\"bde-column-8496-145 bde-column\">\n  \n\t\n\n\n\n<h4 class=\"bde-heading-8496-146 bde-heading\">\nYoga-\/Meditationsraum\n<\/h4><div class=\"bde-text-8496-157 bde-text\">\nFinden Sie Ihr inneres Gleichgewicht in unserem ruhigen Yoga- und Meditationsraum, der K\u00f6rper, Geist und Seele anregt. Genie\u00dfen Sie unter der Anleitung erfahrener Lehrer beruhigende Yogasitzungen und achtsame Meditations\u00fcbungen in einer friedlichen Umgebung, die Entspannung, Konzentration und allgemeines Wohlbefinden f\u00f6rdert.\n<\/div>\n<\/div><\/div><\/div>\n<\/section><section class=\"bde-section-8496-149 bde-section\">\n  \n\t\n\n\n\n<div class=\"section-container\"><div class=\"bde-columns-8496-150 bde-columns\"><div class=\"bde-column-8496-151 bde-column\">\n  \n\t\n\n\n\n<h4 class=\"bde-heading-8496-152 bde-heading\">\nW\u00e4scherei und chemische Reinigung\n<\/h4><div class=\"bde-text-8496-158 bde-text\">\nUnser W\u00e4scherei- und Reinigungsservice sorgt daf\u00fcr, dass Ihre Kleidung tadellos gereinigt, frisch und gut gepflegt ist. Mit professioneller Handhabung und moderner Ausr\u00fcstung bieten wir eine bequeme und zuverl\u00e4ssige L\u00f6sung, um Ihre Garderobe jederzeit makellos und bereit zu halten.\n<\/div>\n<\/div><div class=\"bde-column-8496-153 bde-column\">\n  \n\t\n\n\n\n<div class=\"bde-image-8496-154 bde-image\">\n<figure class=\"breakdance-image breakdance-image--8635\">\n\t<div class=\"breakdance-image-container\">\n\t\t<div class=\"breakdance-image-clip\"><img loading=\"lazy\" decoding=\"async\" class=\"breakdance-image-object\" src=\"https:\/\/tigrisvalley.com\/wp-content\/uploads\/2025\/10\/hands-ironing-clothes-close-up-scaled.jpg\" width=\"2560\" height=\"1707\" srcset=\"https:\/\/tigrisvalley.com\/wp-content\/uploads\/2025\/10\/hands-ironing-clothes-close-up-scaled.jpg 2560w, https:\/\/tigrisvalley.com\/wp-content\/uploads\/2025\/10\/hands-ironing-clothes-close-up-300x200.jpg 300w, https:\/\/tigrisvalley.com\/wp-content\/uploads\/2025\/10\/hands-ironing-clothes-close-up-1024x683.jpg 1024w, https:\/\/tigrisvalley.com\/wp-content\/uploads\/2025\/10\/hands-ironing-clothes-close-up-768x512.jpg 768w, https:\/\/tigrisvalley.com\/wp-content\/uploads\/2025\/10\/hands-ironing-clothes-close-up-1536x1024.jpg 1536w, https:\/\/tigrisvalley.com\/wp-content\/uploads\/2025\/10\/hands-ironing-clothes-close-up-2048x1366.jpg 2048w\" sizes=\"auto, (max-width: 2560px) 100vw, 2560px\"><\/div>\n\t<\/div><\/figure>\n\n<\/div>\n<\/div><\/div><\/div>\n<\/section>","protected":false},"excerpt":{"rendered":"<p>Dental studio Our Dental Studio offers expert dental care in a comfortable and hygienic environment. From routine check-ups to advanced treatments, we focus on maintaining your oral health while ensuring a relaxed and stress-free experience. Gentle, precise, and personalized care for every smile. gym with trainers Achieve your fitness goals in our fully equipped gym, [&hellip;]<\/p>","protected":false},"author":2,"featured_media":0,"parent":0,"menu_order":0,"comment_status":"closed","ping_status":"closed","template":"","meta":{"_acf_changed":false,"_breakdance_hide_in_design_set":false,"_breakdance_tags":"","footnotes":""},"class_list":["post-8496","page","type-page","status-publish","hentry"],"acf":[],"_links":{"self":[{"href":"https:\/\/tigrisvalley.com\/de\/wp-json\/wp\/v2\/pages\/8496","targetHints":{"allow":["GET"]}}],"collection":[{"href":"https:\/\/tigrisvalley.com\/de\/wp-json\/wp\/v2\/pages"}],"about":[{"href":"https:\/\/tigrisvalley.com\/de\/wp-json\/wp\/v2\/types\/page"}],"author":[{"embeddable":true,"href":"https:\/\/tigrisvalley.com\/de\/wp-json\/wp\/v2\/users\/2"}],"replies":[{"embeddable":true,"href":"https:\/\/tigrisvalley.com\/de\/wp-json\/wp\/v2\/comments?post=8496"}],"version-history":[{"count":18,"href":"https:\/\/tigrisvalley.com\/de\/wp-json\/wp\/v2\/pages\/8496\/revisions"}],"predecessor-version":[{"id":10298,"href":"https:\/\/tigrisvalley.com\/de\/wp-json\/wp\/v2\/pages\/8496\/revisions\/10298"}],"wp:attachment":[{"href":"https:\/\/tigrisvalley.com\/de\/wp-json\/wp\/v2\/media?parent=8496"}],"curies":[{"name":"wp","href":"https:\/\/api.w.org\/{rel}","templated":true}]}}