{"id":8581,"date":"2025-10-11T07:37:08","date_gmt":"2025-10-11T07:37:08","guid":{"rendered":"https:\/\/cezgpuqt7z-staging.wpdns.site\/?page_id=8581"},"modified":"2026-04-09T13:00:28","modified_gmt":"2026-04-09T07:30:28","slug":"facilities","status":"publish","type":"page","link":"https:\/\/tigrisvalley.com\/de\/facilities\/","title":{"rendered":"Einrichtungen"},"content":{"rendered":"<section class=\"bde-section-8581-100 bde-section\">\n  \n\t\n\n\n\n<div class=\"section-container\"><\/div>\n<\/section><section class=\"bde-section-8581-101 bde-section\">\n  \n\t\n\n\n\n<div class=\"section-container\"><div class=\"bde-columns-8581-102 bde-columns\"><div class=\"bde-column-8581-103 bde-column\">\n  \n\t\n\n\n\n<div class=\"bde-image-8581-104 bde-image\">\n<figure class=\"breakdance-image breakdance-image--336\">\n\t<div class=\"breakdance-image-container\">\n\t\t<div class=\"breakdance-image-clip\"><img loading=\"lazy\" decoding=\"async\" class=\"breakdance-image-object\" src=\"https:\/\/tigrisvalley.com\/wp-content\/uploads\/2025\/06\/Group-145388.png\" width=\"1440\" height=\"594\" srcset=\"https:\/\/tigrisvalley.com\/wp-content\/uploads\/2025\/06\/Group-145388.png 1440w, https:\/\/tigrisvalley.com\/wp-content\/uploads\/2025\/06\/Group-145388-300x124.png 300w, https:\/\/tigrisvalley.com\/wp-content\/uploads\/2025\/06\/Group-145388-1024x422.png 1024w, https:\/\/tigrisvalley.com\/wp-content\/uploads\/2025\/06\/Group-145388-768x317.png 768w\" sizes=\"auto, (max-width: 1440px) 100vw, 1440px\"><\/div>\n\t<\/div><\/figure>\n\n<\/div>\n<\/div><div class=\"bde-column-8581-105 bde-column\">\n  \n\t\n\n\n\n<h4 class=\"bde-heading-8581-106 bde-heading\">\nRestaurant, Caf\u00e9 und Saftbar\n<\/h4><div class=\"bde-text-8581-176 bde-text\">\nTreten Sie ein in einen ruhigen und einladenden Raum, in dem Gesundheit auf Geschmack trifft. Unser Restaurant, Caf\u00e9 und unsere Saftbar bieten eine Vielzahl gesunder, frisch zubereiteter Gerichte, die das Wohlbefinden und die Erholung unterst\u00fctzen. Genie\u00dfen Sie eine gro\u00dfe Auswahl an n\u00e4hrstoffreichen S\u00e4ften aus frischem Obst und Gem\u00fcse sowie eine beruhigende Auswahl an Hei\u00dfgetr\u00e4nken, die Ihre Sinne beleben. Jede Mahlzeit wird mit Bedacht auf eine ausgewogene Ern\u00e4hrung zubereitet, die Heilung, Energie und allgemeines Wohlbefinden mit jedem Bissen und Schluck f\u00f6rdert.\n<\/div>\n<\/div><\/div><\/div>\n<\/section><section class=\"bde-section-8581-107 bde-section\">\n  \n\t\n\n\n\n<div class=\"section-container\"><div class=\"bde-columns-8581-108 bde-columns\"><div class=\"bde-column-8581-109 bde-column\">\n  \n\t\n\n\n\n<h4 class=\"bde-heading-8581-110 bde-heading\">\n2 Hallenschwimmb\u00e4der\n<\/h4><div class=\"bde-text-8581-177 bde-text\">\nErleben Sie die therapeutischen Vorteile unseres ruhigen Hallenbads, das der Entspannung und dem k\u00f6rperlichen Wohlbefinden dienen soll. In der ruhigen Umgebung k\u00f6nnen Sie sanft trainieren, Ihre Flexibilit\u00e4t verbessern und Stress abbauen. Ob zur Genesung, Rehabilitation oder Verj\u00fcngung, das Hallenbad bietet einen ruhigen und erfrischenden Ort, um das Gleichgewicht wiederherzustellen und das allgemeine Wohlbefinden und die Langlebigkeit zu f\u00f6rdern.\n<\/div>\n<\/div><div class=\"bde-column-8581-111 bde-column\">\n  \n\t\n\n\n\n<div class=\"bde-image-8581-112 bde-image\">\n<figure class=\"breakdance-image breakdance-image--321\">\n\t<div class=\"breakdance-image-container\">\n\t\t<div class=\"breakdance-image-clip\"><img loading=\"lazy\" decoding=\"async\" class=\"breakdance-image-object\" src=\"https:\/\/tigrisvalley.com\/wp-content\/uploads\/2025\/06\/DSC_0638.png\" width=\"1440\" height=\"594\" srcset=\"https:\/\/tigrisvalley.com\/wp-content\/uploads\/2025\/06\/DSC_0638.png 1440w, https:\/\/tigrisvalley.com\/wp-content\/uploads\/2025\/06\/DSC_0638-300x124.png 300w, https:\/\/tigrisvalley.com\/wp-content\/uploads\/2025\/06\/DSC_0638-1024x422.png 1024w, https:\/\/tigrisvalley.com\/wp-content\/uploads\/2025\/06\/DSC_0638-768x317.png 768w\" sizes=\"auto, (max-width: 1440px) 100vw, 1440px\"><\/div>\n\t<\/div><\/figure>\n\n<\/div>\n<\/div><\/div><\/div>\n<\/section><section class=\"bde-section-8581-113 bde-section\">\n  \n\t\n\n\n\n<div class=\"section-container\"><div class=\"bde-columns-8581-114 bde-columns\"><div class=\"bde-column-8581-115 bde-column\">\n  \n\t\n\n\n\n<div class=\"bde-image-8581-116 bde-image\">\n<figure class=\"breakdance-image breakdance-image--8597\">\n\t<div class=\"breakdance-image-container\">\n\t\t<div class=\"breakdance-image-clip\"><img loading=\"lazy\" decoding=\"async\" class=\"breakdance-image-object\" src=\"https:\/\/tigrisvalley.com\/wp-content\/uploads\/2025\/10\/DSC_1200-scaled.jpg\" width=\"2560\" height=\"1707\" srcset=\"https:\/\/tigrisvalley.com\/wp-content\/uploads\/2025\/10\/DSC_1200-scaled.jpg 2560w, https:\/\/tigrisvalley.com\/wp-content\/uploads\/2025\/10\/DSC_1200-300x200.jpg 300w, https:\/\/tigrisvalley.com\/wp-content\/uploads\/2025\/10\/DSC_1200-1024x683.jpg 1024w, https:\/\/tigrisvalley.com\/wp-content\/uploads\/2025\/10\/DSC_1200-768x512.jpg 768w, https:\/\/tigrisvalley.com\/wp-content\/uploads\/2025\/10\/DSC_1200-1536x1024.jpg 1536w, https:\/\/tigrisvalley.com\/wp-content\/uploads\/2025\/10\/DSC_1200-2048x1365.jpg 2048w\" sizes=\"auto, (max-width: 2560px) 100vw, 2560px\"><\/div>\n\t<\/div><\/figure>\n\n<\/div>\n<\/div><div class=\"bde-column-8581-117 bde-column\">\n  \n\t\n\n\n\n<h4 class=\"bde-heading-8581-118 bde-heading\">\nKr\u00e4uterapotheke\n<\/h4><div class=\"bde-text-8581-178 bde-text\">\nUnsere Kr\u00e4uterapotheke (HERBS HOUSE) verbindet traditionelles Heilwissen mit moderner Pflege und bietet ein ausgew\u00e4hltes Sortiment an Naturheilmitteln, Kr\u00e4uterrezepturen und handverlesenen Nahrungserg\u00e4nzungsmitteln. Jedes Produkt wird sorgf\u00e4ltig aus reinen, hochwertigen Inhaltsstoffen zubereitet, um die Genesung und das Immunsystem auf dem Weg zu optimaler Gesundheit zu unterst\u00fctzen. Unter der Leitung von Fachleuten gew\u00e4hrleistet die Apotheke sichere und wirksame Behandlungen, die eine ganzheitliche Heilung erg\u00e4nzen und einen ausgewogenen, gesunden Lebensstil f\u00f6rdern.\n<\/div>\n<\/div><\/div><\/div>\n<\/section><section class=\"bde-section-8581-126 bde-section\">\n  \n\t\n\n\n\n<div class=\"section-container\"><div class=\"bde-columns-8581-127 bde-columns\"><div class=\"bde-column-8581-130 bde-column\">\n  \n\t\n\n\n\n<h4 class=\"bde-heading-8581-131 bde-heading\">\nReiseschreibtisch\n<\/h4><div class=\"bde-text-8581-180 bde-text\">\nUnser Travel Desk sorgt daf\u00fcr, dass die Reise f\u00fcr alle Patienten und Besucher reibungslos und bequem verl\u00e4uft. Vom Flughafentransfer \u00fcber den Transport vor Ort bis hin zur Unterst\u00fctzung bei der Besichtigung von Sehensw\u00fcrdigkeiten wird jedes Detail sorgf\u00e4ltig und bequem arrangiert. Das Team bietet zuverl\u00e4ssige Beratung und Unterst\u00fctzung, damit Sie stressfrei reisen und sich ganz auf Ihr Wellness-Erlebnis konzentrieren k\u00f6nnen. Ganz gleich, ob Sie ankommen, abreisen oder nahe gelegene Attraktionen erkunden m\u00f6chten, unser Travel Desk ist da, um jeden Schritt Ihrer Reise m\u00fchelos und gut organisiert zu gestalten.\n<\/div>\n<\/div><div class=\"bde-column-8581-128 bde-column\">\n  \n\t\n\n\n\n<div class=\"bde-image-8581-129 bde-image\">\n<figure class=\"breakdance-image breakdance-image--281\">\n\t<div class=\"breakdance-image-container\">\n\t\t<div class=\"breakdance-image-clip\"><img loading=\"lazy\" decoding=\"async\" class=\"breakdance-image-object\" src=\"https:\/\/tigrisvalley.com\/wp-content\/uploads\/2025\/06\/20220928_182515-01.png\" width=\"1920\" height=\"700\" srcset=\"https:\/\/tigrisvalley.com\/wp-content\/uploads\/2025\/06\/20220928_182515-01.png 1920w, https:\/\/tigrisvalley.com\/wp-content\/uploads\/2025\/06\/20220928_182515-01-300x109.png 300w, https:\/\/tigrisvalley.com\/wp-content\/uploads\/2025\/06\/20220928_182515-01-1024x373.png 1024w, https:\/\/tigrisvalley.com\/wp-content\/uploads\/2025\/06\/20220928_182515-01-768x280.png 768w, https:\/\/tigrisvalley.com\/wp-content\/uploads\/2025\/06\/20220928_182515-01-1536x560.png 1536w\" sizes=\"auto, (max-width: 1920px) 100vw, 1920px\"><\/div>\n\t<\/div><\/figure>\n\n<\/div>\n<\/div><\/div><\/div>\n<\/section><section class=\"bde-section-8581-132 bde-section\">\n  \n\t\n\n\n\n<div class=\"section-container\"><div class=\"bde-columns-8581-133 bde-columns\"><div class=\"bde-column-8581-136 bde-column\">\n  \n\t\n\n\n\n<div class=\"bde-image-8581-138 bde-image\">\n<figure class=\"breakdance-image breakdance-image--8598\">\n\t<div class=\"breakdance-image-container\">\n\t\t<div class=\"breakdance-image-clip\"><img loading=\"lazy\" decoding=\"async\" class=\"breakdance-image-object\" src=\"https:\/\/tigrisvalley.com\/wp-content\/uploads\/2025\/10\/DSC_0569-copy-1-scaled.jpg\" width=\"2560\" height=\"1707\" srcset=\"https:\/\/tigrisvalley.com\/wp-content\/uploads\/2025\/10\/DSC_0569-copy-1-scaled.jpg 2560w, https:\/\/tigrisvalley.com\/wp-content\/uploads\/2025\/10\/DSC_0569-copy-1-300x200.jpg 300w, https:\/\/tigrisvalley.com\/wp-content\/uploads\/2025\/10\/DSC_0569-copy-1-1024x683.jpg 1024w, https:\/\/tigrisvalley.com\/wp-content\/uploads\/2025\/10\/DSC_0569-copy-1-768x512.jpg 768w, https:\/\/tigrisvalley.com\/wp-content\/uploads\/2025\/10\/DSC_0569-copy-1-1536x1024.jpg 1536w, https:\/\/tigrisvalley.com\/wp-content\/uploads\/2025\/10\/DSC_0569-copy-1-2048x1365.jpg 2048w\" sizes=\"auto, (max-width: 2560px) 100vw, 2560px\"><\/div>\n\t<\/div><\/figure>\n\n<\/div>\n<\/div><div class=\"bde-column-8581-134 bde-column\">\n  \n\t\n\n\n\n<h4 class=\"bde-heading-8581-135 bde-heading\">\nSitzungssaal\n<\/h4><div class=\"bde-text-8581-181 bde-text\">\nUnser Vorstandszimmer ist ein professioneller und komfortabler Raum f\u00fcr Sitzungen, Diskussionen und Pr\u00e4sentationen. Er wurde in einem ruhigen und konzentrierten Ambiente gestaltet und ist mit modernen Annehmlichkeiten ausgestattet, die eine effektive Kommunikation und Zusammenarbeit unterst\u00fctzen. Ob f\u00fcr medizinische Konsultationen, Teamkonferenzen oder Besprechungen, der Board Room sorgt f\u00fcr eine ruhige, organisierte und effiziente Umgebung, die unser Engagement f\u00fcr Spitzenleistungen und Professionalit\u00e4t widerspiegelt.\n<\/div>\n<\/div><\/div><\/div>\n<\/section><section class=\"bde-section-8581-139 bde-section\">\n  \n\t\n\n\n\n<div class=\"section-container\"><div class=\"bde-columns-8581-140 bde-columns\"><div class=\"bde-column-8581-143 bde-column\">\n  \n\t\n\n\n\n<h4 class=\"bde-heading-8581-144 bde-heading\">\nSeminarraum\n<\/h4><div class=\"bde-text-8581-182 bde-text\">\nUnser Seminarraum bietet eine ger\u00e4umige und gut ausgestattete Umgebung f\u00fcr Workshops und Bildungsprogramme. Der Saal ist so konzipiert, dass er das Lernen und die Zusammenarbeit unterst\u00fctzt. Er verf\u00fcgt \u00fcber moderne audiovisuelle Einrichtungen und bequeme Sitzgelegenheiten, um allen Teilnehmern eine angenehme Erfahrung zu erm\u00f6glichen. Der Saal dient als Veranstaltungsort f\u00fcr medizinische Seminare, Wellness-Sitzungen und Programme zur Bewusstseinsbildung in der Gemeinde und f\u00f6rdert den Wissensaustausch in einer ruhigen und organisierten Umgebung.\n<\/div>\n<\/div><div class=\"bde-column-8581-141 bde-column\">\n  \n\t\n\n\n\n<div class=\"bde-image-8581-142 bde-image\">\n<figure class=\"breakdance-image breakdance-image--8596\">\n\t<div class=\"breakdance-image-container\">\n\t\t<div class=\"breakdance-image-clip\"><img loading=\"lazy\" decoding=\"async\" class=\"breakdance-image-object\" src=\"https:\/\/tigrisvalley.com\/wp-content\/uploads\/2025\/10\/DSC_0588-copy-scaled.jpg\" width=\"2560\" height=\"1707\" srcset=\"https:\/\/tigrisvalley.com\/wp-content\/uploads\/2025\/10\/DSC_0588-copy-scaled.jpg 2560w, https:\/\/tigrisvalley.com\/wp-content\/uploads\/2025\/10\/DSC_0588-copy-300x200.jpg 300w, https:\/\/tigrisvalley.com\/wp-content\/uploads\/2025\/10\/DSC_0588-copy-1024x683.jpg 1024w, https:\/\/tigrisvalley.com\/wp-content\/uploads\/2025\/10\/DSC_0588-copy-768x512.jpg 768w, https:\/\/tigrisvalley.com\/wp-content\/uploads\/2025\/10\/DSC_0588-copy-1536x1024.jpg 1536w, https:\/\/tigrisvalley.com\/wp-content\/uploads\/2025\/10\/DSC_0588-copy-2048x1365.jpg 2048w\" sizes=\"auto, (max-width: 2560px) 100vw, 2560px\"><\/div>\n\t<\/div><\/figure>\n\n<\/div>\n<\/div><\/div><\/div>\n<\/section><section class=\"bde-section-8581-145 bde-section\">\n  \n\t\n\n\n\n<div class=\"section-container\"><div class=\"bde-columns-8581-146 bde-columns\"><div class=\"bde-column-8581-149 bde-column\">\n  \n\t\n\n\n\n<div class=\"bde-image-8581-150 bde-image\">\n<figure class=\"breakdance-image breakdance-image--8657\">\n\t<div class=\"breakdance-image-container\">\n\t\t<div class=\"breakdance-image-clip\"><img loading=\"lazy\" decoding=\"async\" class=\"breakdance-image-object\" src=\"https:\/\/tigrisvalley.com\/wp-content\/uploads\/2025\/10\/WhatsApp-Image-2025-10-11-at-2.26.39-PM.jpeg\" width=\"2048\" height=\"1152\" srcset=\"https:\/\/tigrisvalley.com\/wp-content\/uploads\/2025\/10\/WhatsApp-Image-2025-10-11-at-2.26.39-PM.jpeg 2048w, https:\/\/tigrisvalley.com\/wp-content\/uploads\/2025\/10\/WhatsApp-Image-2025-10-11-at-2.26.39-PM-300x169.jpeg 300w, https:\/\/tigrisvalley.com\/wp-content\/uploads\/2025\/10\/WhatsApp-Image-2025-10-11-at-2.26.39-PM-1024x576.jpeg 1024w, https:\/\/tigrisvalley.com\/wp-content\/uploads\/2025\/10\/WhatsApp-Image-2025-10-11-at-2.26.39-PM-768x432.jpeg 768w, https:\/\/tigrisvalley.com\/wp-content\/uploads\/2025\/10\/WhatsApp-Image-2025-10-11-at-2.26.39-PM-1536x864.jpeg 1536w\" sizes=\"auto, (max-width: 2048px) 100vw, 2048px\"><\/div>\n\t<\/div><\/figure>\n\n<\/div>\n<\/div><div class=\"bde-column-8581-147 bde-column\">\n  \n\t\n\n\n\n<h4 class=\"bde-heading-8581-148 bde-heading\">\nBoutique\n<\/h4><div class=\"bde-text-8581-183 bde-text\">\nUnsere Boutique bietet eine sorgf\u00e4ltig zusammengestellte Kollektion ethnischer Kleidung, erlesener Parfums und einzigartiger Kuriosit\u00e4ten. Jeder Artikel ist so ausgew\u00e4hlt, dass er Eleganz, Qualit\u00e4t und Individualit\u00e4t widerspiegelt. Die ruhige und einladende Atmosph\u00e4re l\u00e4dt zum St\u00f6bern ein, um ein besonderes St\u00fcck mit nach Hause zu nehmen, das Ihren pers\u00f6nlichen Stil erg\u00e4nzt.\n<\/div>\n<\/div><\/div><\/div>\n<\/section><section class=\"bde-section-8581-151 bde-section\">\n  \n\t\n\n\n\n<div class=\"section-container\"><div class=\"bde-columns-8581-152 bde-columns\"><div class=\"bde-column-8581-155 bde-column\">\n  \n\t\n\n\n\n<h4 class=\"bde-heading-8581-156 bde-heading\">\nFamilienpark\n<\/h4><div class=\"bde-text-8581-184 bde-text\">\nDer Familienpark im Tigris Valley bietet eine einzigartige Umgebung f\u00fcr Familien, in der sie sich entspannen und Zeit miteinander verbringen k\u00f6nnen. Erkunden Sie die verschlungenen Wanderwege, lassen Sie Ihre Kinder in einem Spielbereich mit zahlreichen Spielger\u00e4ten toben oder entspannen Sie sich am beruhigenden Springbrunnen. Schlendern Sie durch den Obstgarten, machen Sie eine Pause auf den schwingenden B\u00e4nken f\u00fcr Erwachsene oder genie\u00dfen Sie den Schatten und die Ruhe der charmanten Pavillons. Jeder Winkel ist so gestaltet, dass er zum Entspannen, Verweilen und Erholen inmitten der Natur einl\u00e4dt.\n<\/div>\n<\/div><div class=\"bde-column-8581-153 bde-column\">\n  \n\t\n\n\n\n<div class=\"bde-image-8581-154 bde-image\">\n<figure class=\"breakdance-image breakdance-image--8599\">\n\t<div class=\"breakdance-image-container\">\n\t\t<div class=\"breakdance-image-clip\"><img loading=\"lazy\" decoding=\"async\" class=\"breakdance-image-object\" src=\"https:\/\/tigrisvalley.com\/wp-content\/uploads\/2025\/10\/DSC_1319-copy-scaled.png\" width=\"2560\" height=\"1264\" srcset=\"https:\/\/tigrisvalley.com\/wp-content\/uploads\/2025\/10\/DSC_1319-copy-scaled.png 2560w, https:\/\/tigrisvalley.com\/wp-content\/uploads\/2025\/10\/DSC_1319-copy-300x148.png 300w, https:\/\/tigrisvalley.com\/wp-content\/uploads\/2025\/10\/DSC_1319-copy-1024x505.png 1024w, https:\/\/tigrisvalley.com\/wp-content\/uploads\/2025\/10\/DSC_1319-copy-768x379.png 768w, https:\/\/tigrisvalley.com\/wp-content\/uploads\/2025\/10\/DSC_1319-copy-1536x758.png 1536w, https:\/\/tigrisvalley.com\/wp-content\/uploads\/2025\/10\/DSC_1319-copy-2048x1011.png 2048w\" sizes=\"auto, (max-width: 2560px) 100vw, 2560px\"><\/div>\n\t<\/div><\/figure>\n\n<\/div>\n<\/div><\/div><\/div>\n<\/section><section class=\"bde-section-8581-157 bde-section\">\n  \n\t\n\n\n\n<div class=\"section-container\"><div class=\"bde-columns-8581-158 bde-columns\"><div class=\"bde-column-8581-161 bde-column\">\n  \n\t\n\n\n\n<div class=\"bde-image-8581-162 bde-image\">\n<figure class=\"breakdance-image breakdance-image--8767\">\n\t<div class=\"breakdance-image-container\">\n\t\t<div class=\"breakdance-image-clip\"><img loading=\"lazy\" decoding=\"async\" class=\"breakdance-image-object\" src=\"https:\/\/tigrisvalley.com\/wp-content\/uploads\/2025\/10\/WhatsApp-Image-2025-10-17-at-14.42.27_58bd7ca7.jpg\" width=\"1600\" height=\"1065\" srcset=\"https:\/\/tigrisvalley.com\/wp-content\/uploads\/2025\/10\/WhatsApp-Image-2025-10-17-at-14.42.27_58bd7ca7.jpg 1600w, https:\/\/tigrisvalley.com\/wp-content\/uploads\/2025\/10\/WhatsApp-Image-2025-10-17-at-14.42.27_58bd7ca7-300x200.jpg 300w, https:\/\/tigrisvalley.com\/wp-content\/uploads\/2025\/10\/WhatsApp-Image-2025-10-17-at-14.42.27_58bd7ca7-1024x682.jpg 1024w, https:\/\/tigrisvalley.com\/wp-content\/uploads\/2025\/10\/WhatsApp-Image-2025-10-17-at-14.42.27_58bd7ca7-768x511.jpg 768w, https:\/\/tigrisvalley.com\/wp-content\/uploads\/2025\/10\/WhatsApp-Image-2025-10-17-at-14.42.27_58bd7ca7-1536x1022.jpg 1536w\" sizes=\"auto, (max-width: 1600px) 100vw, 1600px\"><\/div>\n\t<\/div><\/figure>\n\n<\/div>\n<\/div><div class=\"bde-column-8581-159 bde-column\">\n  \n\t\n\n\n\n<h4 class=\"bde-heading-8581-160 bde-heading\">\nBootfahren\n<\/h4><div class=\"bde-text-8581-185 bde-text\">\nUnsere Bootsanlage bietet einen friedlichen Zufluchtsort, an dem die G\u00e4ste sanft \u00fcber ruhige, von \u00fcppigem Gr\u00fcn umgebene Seen gleiten k\u00f6nnen. Das Bootfahren ist ideal zur Entspannung, zum Nachdenken und zur R\u00fcckverbindung mit der Natur. Es erg\u00e4nzt Ihre Wellness-Reise, indem es ruhige, erholsame Momente f\u00fcr K\u00f6rper und Geist bietet.\n<\/div>\n<\/div><\/div><\/div>\n<\/section><section class=\"bde-section-8581-163 bde-section\">\n  \n\t\n\n\n\n<div class=\"section-container\"><div class=\"bde-columns-8581-164 bde-columns\"><div class=\"bde-column-8581-167 bde-column\">\n  \n\t\n\n\n\n<h4 class=\"bde-heading-8581-168 bde-heading\">\nAngeln\n<\/h4><div class=\"bde-text-8581-186 bde-text\">\nFinden Sie an der Angelstelle im Tigris-Tal wieder zur Natur und zu innerer Ruhe. Vor der Kulisse unber\u00fchrter Gew\u00e4sser und \u00fcppiger Landschaften bietet das Angeln hier eine therapeutische Erfahrung, die den Geist beruhigt, Stress abbaut und es erm\u00f6glicht, gemeinsam ruhige, achtsame Momente zu genie\u00dfen.\n<\/div>\n<\/div><div class=\"bde-column-8581-165 bde-column\">\n  \n\t\n\n\n\n<div class=\"bde-image-8581-166 bde-image\">\n<figure class=\"breakdance-image breakdance-image--281\">\n\t<div class=\"breakdance-image-container\">\n\t\t<div class=\"breakdance-image-clip\"><img loading=\"lazy\" decoding=\"async\" class=\"breakdance-image-object\" src=\"https:\/\/tigrisvalley.com\/wp-content\/uploads\/2025\/06\/20220928_182515-01.png\" width=\"1920\" height=\"700\" srcset=\"https:\/\/tigrisvalley.com\/wp-content\/uploads\/2025\/06\/20220928_182515-01.png 1920w, https:\/\/tigrisvalley.com\/wp-content\/uploads\/2025\/06\/20220928_182515-01-300x109.png 300w, https:\/\/tigrisvalley.com\/wp-content\/uploads\/2025\/06\/20220928_182515-01-1024x373.png 1024w, https:\/\/tigrisvalley.com\/wp-content\/uploads\/2025\/06\/20220928_182515-01-768x280.png 768w, https:\/\/tigrisvalley.com\/wp-content\/uploads\/2025\/06\/20220928_182515-01-1536x560.png 1536w\" sizes=\"auto, (max-width: 1920px) 100vw, 1920px\"><\/div>\n\t<\/div><\/figure>\n\n<\/div>\n<\/div><\/div><\/div>\n<\/section>","protected":false},"excerpt":{"rendered":"<p>Restaurant, Caf\u00e9 &amp; Saftbar Betreten Sie einen ruhigen und einladenden Raum, in dem Gesundheit auf Geschmack trifft. Unser Restaurant, Caf\u00e9 &amp; Juice Bar bietet eine Vielzahl gesunder, frisch zubereiteter Gerichte, die das Wohlbefinden und die Erholung unterst\u00fctzen. Genie\u00dfen Sie eine gro\u00dfe Auswahl an n\u00e4hrstoffreichen S\u00e4ften aus frischem Obst und Gem\u00fcse sowie eine beruhigende Auswahl an [...]<\/p>","protected":false},"author":2,"featured_media":0,"parent":0,"menu_order":0,"comment_status":"closed","ping_status":"closed","template":"","meta":{"_acf_changed":false,"_breakdance_hide_in_design_set":false,"_breakdance_tags":"","footnotes":""},"class_list":["post-8581","page","type-page","status-publish","hentry"],"acf":[],"_links":{"self":[{"href":"https:\/\/tigrisvalley.com\/de\/wp-json\/wp\/v2\/pages\/8581","targetHints":{"allow":["GET"]}}],"collection":[{"href":"https:\/\/tigrisvalley.com\/de\/wp-json\/wp\/v2\/pages"}],"about":[{"href":"https:\/\/tigrisvalley.com\/de\/wp-json\/wp\/v2\/types\/page"}],"author":[{"embeddable":true,"href":"https:\/\/tigrisvalley.com\/de\/wp-json\/wp\/v2\/users\/2"}],"replies":[{"embeddable":true,"href":"https:\/\/tigrisvalley.com\/de\/wp-json\/wp\/v2\/comments?post=8581"}],"version-history":[{"count":31,"href":"https:\/\/tigrisvalley.com\/de\/wp-json\/wp\/v2\/pages\/8581\/revisions"}],"predecessor-version":[{"id":10295,"href":"https:\/\/tigrisvalley.com\/de\/wp-json\/wp\/v2\/pages\/8581\/revisions\/10295"}],"wp:attachment":[{"href":"https:\/\/tigrisvalley.com\/de\/wp-json\/wp\/v2\/media?parent=8581"}],"curies":[{"name":"wp","href":"https:\/\/api.w.org\/{rel}","templated":true}]}}