{"id":8880,"date":"2025-10-28T04:54:30","date_gmt":"2025-10-28T04:54:30","guid":{"rendered":"https:\/\/cezgpuqt7z-staging.wpdns.site\/?page_id=8880"},"modified":"2026-04-09T12:35:10","modified_gmt":"2026-04-09T07:05:10","slug":"awards","status":"publish","type":"page","link":"https:\/\/tigrisvalley.com\/de\/awards\/","title":{"rendered":"Auszeichnungen"},"content":{"rendered":"<section class=\"bde-section-8880-101 bde-section\">\n  \n\t\n\n\n\n<div class=\"section-container\"><\/div>\n<\/section><section class=\"bde-section-8880-102 bde-section\">\n  \n\t\n\n\n\n<div class=\"section-container\"><div class=\"bde-div-8880-107 bde-div\">\n  \n\t\n\n\n\n<h2 class=\"bde-heading-8880-108 bde-heading\">\nAuszeichnungen und Anerkennungen\n<\/h2>\n<\/div><div class=\"bde-columns-8880-103 bde-columns\"><div class=\"bde-column-8880-104 bde-column\">\n  \n\t\n\n\n\n<h3 class=\"bde-heading-8880-109 bde-heading\">\nAnerkennung herausragender Leistungen im Bereich integrierter Wellness und ganzheitlicher Heilung\n<\/h3><div class=\"bde-text-8880-110 bde-text\">\nDas Tigris Valley ist ein Leuchtturm f\u00fcr ganzheitliche Spitzenleistungen, die durch eine Reihe von bedeutenden nationalen und internationalen Auszeichnungen anerkannt wurden. Diese prestigetr\u00e4chtigen Auszeichnungen untermauern unsere Position als echtes Zentrum f\u00fcr integrierte Naturheilkunde, in dem sich fortschrittliche Diagnostik nahtlos mit der Weisheit alter Wellness-Philosophien verbindet.<br><br>Im Tigris Valley wird jede Reise so gestaltet, dass sie zutiefst pers\u00f6nlich ist - und die G\u00e4ste zu authentischem, umfassendem Wohlbefinden in einer Umgebung f\u00fchrt, die sowohl von Innovation als auch von Tradition gepr\u00e4gt ist. Unser Engagement f\u00fcr transformative Heilung zieht Suchende aus der ganzen Welt an, von denen jeder seinen eigenen Weg zur Ganzheit in unserem Heiligtum findet.\n<\/div>\n<\/div><div class=\"bde-column-8880-105 bde-column\">\n  \n\t\n\n\n\n<div class=\"bde-div-8880-106 bde-div\">\n  \n\t\n\n\n\n<div class=\"bde-div-8880-111 bde-div\">\n  \n\t\n\n\n\n<h2 class=\"bde-heading-8880-112 bde-heading\">\n4\n<\/h2><h6 class=\"bde-heading-8880-113 bde-heading\">\nWichtige Auszeichnungen\n<\/h6><div class=\"bde-fancy-divider-8880-114 bde-fancy-divider\">\n\n\n<div class=\"bde-fancy-divider__wrapper\">\n  <div class=\"bde-fancy-divider__separator\">\n  \t  <\/div>\n<\/div>\n\n<\/div>\n<\/div><div class=\"bde-div-8880-115 bde-div\">\n  \n\t\n\n\n\n<h2 class=\"bde-heading-8880-116 bde-heading\">\n12+\n<\/h2><h6 class=\"bde-heading-8880-117 bde-heading\">\nVertretene L\u00e4nder\n<\/h6><div class=\"bde-fancy-divider-8880-118 bde-fancy-divider\">\n\n\n<div class=\"bde-fancy-divider__wrapper\">\n  <div class=\"bde-fancy-divider__separator\">\n  \t  <\/div>\n<\/div>\n\n<\/div>\n<\/div><div class=\"bde-div-8880-119 bde-div\">\n  \n\t\n\n\n\n<h2 class=\"bde-heading-8880-120 bde-heading\">\n2022\n<\/h2><h6 class=\"bde-heading-8880-121 bde-heading\">\nSeit Exzellenz\n<\/h6>\n<\/div>\n<\/div>\n<\/div><\/div><div class=\"bde-div-8880-123 bde-div\">\n  \n\t\n\n\n\n<div class=\"bde-image-8880-124 bde-image\">\n<figure class=\"breakdance-image breakdance-image--8888\">\n\t<div class=\"breakdance-image-container\">\n\t\t<div class=\"breakdance-image-clip\"><img loading=\"lazy\" decoding=\"async\" class=\"breakdance-image-object\" src=\"https:\/\/tigrisvalley.com\/wp-content\/uploads\/2025\/10\/1-1.png\" width=\"225\" height=\"229\" sizes=\"auto, (max-width: 225px) 100vw, 225px\"><\/div>\n\t<\/div><\/figure>\n\n<\/div><div class=\"bde-image-8880-125 bde-image\">\n<figure class=\"breakdance-image breakdance-image--8889\">\n\t<div class=\"breakdance-image-container\">\n\t\t<div class=\"breakdance-image-clip\"><img loading=\"lazy\" decoding=\"async\" class=\"breakdance-image-object\" src=\"https:\/\/tigrisvalley.com\/wp-content\/uploads\/2025\/10\/2-1.png\" width=\"225\" height=\"229\" sizes=\"auto, (max-width: 225px) 100vw, 225px\"><\/div>\n\t<\/div><\/figure>\n\n<\/div><div class=\"bde-image-8880-126 bde-image\">\n<figure class=\"breakdance-image breakdance-image--8890\">\n\t<div class=\"breakdance-image-container\">\n\t\t<div class=\"breakdance-image-clip\"><img loading=\"lazy\" decoding=\"async\" class=\"breakdance-image-object\" src=\"https:\/\/tigrisvalley.com\/wp-content\/uploads\/2025\/10\/3-1.png\" width=\"229\" height=\"229\" srcset=\"https:\/\/tigrisvalley.com\/wp-content\/uploads\/2025\/10\/3-1.png 229w, https:\/\/tigrisvalley.com\/wp-content\/uploads\/2025\/10\/3-1-150x150.png 150w\" sizes=\"auto, (max-width: 229px) 100vw, 229px\"><\/div>\n\t<\/div><\/figure>\n\n<\/div>\n<\/div><\/div>\n<\/section><section class=\"bde-section-8880-131 bde-section\">\n  \n\t\n\n\n\n<div class=\"section-container\"><div class=\"bde-div-8880-132 bde-div\">\n  \n\t\n\n\n\n<h2 class=\"bde-heading-8880-133 bde-heading\">\nMeilensteine der Anerkennung\n<\/h2>\n<\/div><div class=\"bde-div-8880-134 bde-div\">\n  \n\t\n\n\n\n<div class=\"bde-image-8880-135 bde-image\">\n<figure class=\"breakdance-image breakdance-image--8900\">\n\t<div class=\"breakdance-image-container\">\n\t\t<div class=\"breakdance-image-clip\"><img loading=\"lazy\" decoding=\"async\" class=\"breakdance-image-object\" src=\"https:\/\/tigrisvalley.com\/wp-content\/uploads\/2025\/10\/Group-145400.png\" width=\"20\" height=\"429\" srcset=\"https:\/\/tigrisvalley.com\/wp-content\/uploads\/2025\/10\/Group-145400.png 20w, https:\/\/tigrisvalley.com\/wp-content\/uploads\/2025\/10\/Group-145400-14x300.png 14w\" sizes=\"auto, (max-width: 20px) 100vw, 20px\"><\/div>\n\t<\/div><\/figure>\n\n<\/div><div class=\"bde-div-8880-136 bde-div\">\n  \n\t\n\n\n\n<div class=\"bde-columns-8880-137 bde-columns\"><div class=\"bde-column-8880-138 bde-column\">\n  \n\t\n\n\n\n<h4 class=\"bde-heading-8880-142 bde-heading\">\nOutlook Traveller \u201cTop 30 Wellness-Retreats in Indien\n<\/h4><div class=\"bde-text-8880-143 bde-text\">\nOutlook Traveller\n<\/div><div class=\"bde-text-8880-144 bde-text\">\nDer APN-Swadesh Samman wurde 2022 f\u00fcr den tiefgreifenden Einfluss des Tigris Valley auf den indischen Gesundheits- und Wellness-Sektor verliehen, insbesondere f\u00fcr die F\u00f6rderung von AYUSH-Praktiken (Ayurveda, Yoga, Unani, Siddha und Hom\u00f6opathie). Die Zeremonie fand im Vigyan Bhawan in Neu-Delhi in Anwesenheit nationaler W\u00fcrdentr\u00e4ger statt und markiert einen wichtigen Meilenstein im Wellness-Tourismus und in der traditionellen Heilkunst.\n<\/div>\n<\/div><div class=\"bde-column-8880-139 bde-column\">\n  \n\t\n\n\n\n<div class=\"bde-div-8880-140 bde-div\">\n  \n\t\n\n\n\n<h3 class=\"bde-heading-8880-141 bde-heading\">\n2025\n<\/h3>\n<\/div>\n<\/div><\/div>\n<\/div>\n<\/div><div class=\"bde-div-8880-167 bde-div\">\n  \n\t\n\n\n\n<div class=\"bde-image-8880-168 bde-image\">\n<figure class=\"breakdance-image breakdance-image--8900\">\n\t<div class=\"breakdance-image-container\">\n\t\t<div class=\"breakdance-image-clip\"><img loading=\"lazy\" decoding=\"async\" class=\"breakdance-image-object\" src=\"https:\/\/tigrisvalley.com\/wp-content\/uploads\/2025\/10\/Group-145400.png\" width=\"20\" height=\"429\" srcset=\"https:\/\/tigrisvalley.com\/wp-content\/uploads\/2025\/10\/Group-145400.png 20w, https:\/\/tigrisvalley.com\/wp-content\/uploads\/2025\/10\/Group-145400-14x300.png 14w\" sizes=\"auto, (max-width: 20px) 100vw, 20px\"><\/div>\n\t<\/div><\/figure>\n\n<\/div><div class=\"bde-div-8880-169 bde-div\">\n  \n\t\n\n\n\n<div class=\"bde-columns-8880-170 bde-columns\"><div class=\"bde-column-8880-171 bde-column\">\n  \n\t\n\n\n\n<h4 class=\"bde-heading-8880-172 bde-heading\">\nUN SDG Action Awards\n<\/h4><div class=\"bde-text-8880-173 bde-text\">\nVereinte Nationen\n<\/div><div class=\"bde-text-8880-174 bde-text\">\nGlobale Anerkennung f\u00fcr das Engagement des Tigris Valley f\u00fcr Nachhaltigkeit, Innovation und ganzheitliches Wohlbefinden. Diese Auszeichnungen w\u00fcrdigen die bahnbrechenden Initiativen des Retreats, die zu einer gerechteren und friedlicheren Welt beitragen und die Gesundheit der Gemeinschaft und des Planeten f\u00f6rdern. Im Einklang mit den Zielen der Vereinten Nationen f\u00fcr nachhaltige Entwicklung unterstreicht diese Auszeichnung die Vision des Tigris Valley f\u00fcr Wellness, die weit \u00fcber die individuelle Transformation hinausgeht und auch die Verantwortung f\u00fcr die Umwelt und den sozialen Fortschritt umfasst.\n<\/div>\n<\/div><div class=\"bde-column-8880-175 bde-column\">\n  \n\t\n\n\n\n<div class=\"bde-div-8880-176 bde-div\">\n  \n\t\n\n\n\n<h3 class=\"bde-heading-8880-177 bde-heading\">\n2024\n<\/h3>\n<\/div>\n<\/div><\/div>\n<\/div>\n<\/div><div class=\"bde-div-8880-145 bde-div\">\n  \n\t\n\n\n\n<div class=\"bde-image-8880-146 bde-image\">\n<figure class=\"breakdance-image breakdance-image--8900\">\n\t<div class=\"breakdance-image-container\">\n\t\t<div class=\"breakdance-image-clip\"><img loading=\"lazy\" decoding=\"async\" class=\"breakdance-image-object\" src=\"https:\/\/tigrisvalley.com\/wp-content\/uploads\/2025\/10\/Group-145400.png\" width=\"20\" height=\"429\" srcset=\"https:\/\/tigrisvalley.com\/wp-content\/uploads\/2025\/10\/Group-145400.png 20w, https:\/\/tigrisvalley.com\/wp-content\/uploads\/2025\/10\/Group-145400-14x300.png 14w\" sizes=\"auto, (max-width: 20px) 100vw, 20px\"><\/div>\n\t<\/div><\/figure>\n\n<\/div><div class=\"bde-div-8880-147 bde-div\">\n  \n\t\n\n\n\n<div class=\"bde-columns-8880-148 bde-columns\"><div class=\"bde-column-8880-149 bde-column\">\n  \n\t\n\n\n\n<h4 class=\"bde-heading-8880-150 bde-heading\">\nAuszeichnung f\u00fcr herausragende Leistungen im Gesundheitswesen\n<\/h4><div class=\"bde-text-8880-151 bde-text\">\nICCN-UNESCO\n<\/div><div class=\"bde-text-8880-152 bde-text\">\nDas Tigris Valley wurde vom ICCN der UNESCO mit dem seltenen und prestigetr\u00e4chtigen Healthcare Excellence Award 2023 ausgezeichnet, der die herausragenden Beitr\u00e4ge des Retreats zum globalen Wellness-Spektrum w\u00fcrdigt. An der Preisverleihung nahmen hochrangige Delegierte des International Council of Cultural Networks der UNESCO sowie hochrangige Teilnehmer aus \u00fcber 12 L\u00e4ndern teil und best\u00e4tigten damit den Status des Tigris Valley als weltweit f\u00fchrendes Zentrum f\u00fcr fortschrittliche, integrative Naturheilkunde.\n<\/div>\n<\/div><div class=\"bde-column-8880-153 bde-column\">\n  \n\t\n\n\n\n<div class=\"bde-div-8880-154 bde-div\">\n  \n\t\n\n\n\n<h3 class=\"bde-heading-8880-155 bde-heading\">\n2023\n<\/h3>\n<\/div>\n<\/div><\/div>\n<\/div>\n<\/div><div class=\"bde-div-8880-156 bde-div\">\n  \n\t\n\n\n\n<div class=\"bde-image-8880-157 bde-image\">\n<figure class=\"breakdance-image breakdance-image--8900\">\n\t<div class=\"breakdance-image-container\">\n\t\t<div class=\"breakdance-image-clip\"><img loading=\"lazy\" decoding=\"async\" class=\"breakdance-image-object\" src=\"https:\/\/tigrisvalley.com\/wp-content\/uploads\/2025\/10\/Group-145400.png\" width=\"20\" height=\"429\" srcset=\"https:\/\/tigrisvalley.com\/wp-content\/uploads\/2025\/10\/Group-145400.png 20w, https:\/\/tigrisvalley.com\/wp-content\/uploads\/2025\/10\/Group-145400-14x300.png 14w\" sizes=\"auto, (max-width: 20px) 100vw, 20px\"><\/div>\n\t<\/div><\/figure>\n\n<\/div><div class=\"bde-div-8880-158 bde-div\">\n  \n\t\n\n\n\n<div class=\"bde-columns-8880-159 bde-columns\"><div class=\"bde-column-8880-160 bde-column\">\n  \n\t\n\n\n\n<h4 class=\"bde-heading-8880-161 bde-heading\">\nNationale Auszeichnung Swadesh Samman\n<\/h4><div class=\"bde-text-8880-162 bde-text\">\nAsien-Pazifik-Nachrichten (APN)\n<\/div><div class=\"bde-text-8880-163 bde-text\">\nDer APN-Swadesh Samman wurde 2022 f\u00fcr den tiefgreifenden Einfluss des Tigris Valley auf den indischen Gesundheits- und Wellness-Sektor verliehen, insbesondere f\u00fcr die F\u00f6rderung von AYUSH-Praktiken (Ayurveda, Yoga, Unani, Siddha und Hom\u00f6opathie). Die Zeremonie fand im Vigyan Bhawan in Neu-Delhi in Anwesenheit nationaler W\u00fcrdentr\u00e4ger statt und markiert einen wichtigen Meilenstein im Wellness-Tourismus und in der traditionellen Heilkunst.\n<\/div>\n<\/div><div class=\"bde-column-8880-164 bde-column\">\n  \n\t\n\n\n\n<div class=\"bde-div-8880-165 bde-div\">\n  \n\t\n\n\n\n<h3 class=\"bde-heading-8880-166 bde-heading\">\n2022\n<\/h3>\n<\/div>\n<\/div><\/div>\n<\/div>\n<\/div><\/div>\n<\/section><section class=\"bde-section-8880-127 bde-section\">\n  \n\t\n\n\n\n<div class=\"section-container\"><div class=\"bde-div-8880-128 bde-div\">\n  \n\t\n\n\n\n<h2 class=\"bde-heading-8880-129 bde-heading\">\nMomente des Erkennens\n<\/h2>\n<\/div><div class=\"bde-gallery-8880-130 bde-gallery\">\n\n\n\n\n\n\n\n\n\n\n\n\n\n<div class=\"ee-gallery ee-gallery--isotope ee-gallery--justified ee-gallery--single ee-gallery--lightbox ee-gallery-- ee-gallery--caption- ee-gallery--caption-none ee-gallery--ratio\">\n                  \n      <a class=\"ee-gallery-item ee-gallery-item--image ee-gallery-item--single\" href=\"https:\/\/tigrisvalley.com\/wp-content\/uploads\/2025\/10\/Rectangle-58361.png\"  data-sub-html=\"\" data-category=\"1\"                  data-lg-size=\"791-380\"\n\n      >\n        <figure class=\"ee-gallery-item-figure\">\n                        <img loading=\"lazy\" decoding=\"async\" class=\"breakdance-image-object\" src=\"https:\/\/tigrisvalley.com\/wp-content\/uploads\/2025\/10\/Rectangle-58361.png\" width=\"791\" height=\"380\" srcset=\"https:\/\/tigrisvalley.com\/wp-content\/uploads\/2025\/10\/Rectangle-58361.png 791w, https:\/\/tigrisvalley.com\/wp-content\/uploads\/2025\/10\/Rectangle-58361-300x144.png 300w, https:\/\/tigrisvalley.com\/wp-content\/uploads\/2025\/10\/Rectangle-58361-768x369.png 768w\" sizes=\"auto, (max-width: 791px) 100vw, 791px\">\n          \n                  <\/figure>\n      <\/a>\n\n                \n      <a class=\"ee-gallery-item ee-gallery-item--image ee-gallery-item--single\" href=\"https:\/\/tigrisvalley.com\/wp-content\/uploads\/2025\/10\/Rectangle-58362.png\"  data-sub-html=\"\" data-category=\"1\"                  data-lg-size=\"587-380\"\n\n      >\n        <figure class=\"ee-gallery-item-figure\">\n                        <img loading=\"lazy\" decoding=\"async\" class=\"breakdance-image-object\" src=\"https:\/\/tigrisvalley.com\/wp-content\/uploads\/2025\/10\/Rectangle-58362.png\" width=\"587\" height=\"380\" srcset=\"https:\/\/tigrisvalley.com\/wp-content\/uploads\/2025\/10\/Rectangle-58362.png 587w, https:\/\/tigrisvalley.com\/wp-content\/uploads\/2025\/10\/Rectangle-58362-300x194.png 300w\" sizes=\"auto, (max-width: 587px) 100vw, 587px\">\n          \n                  <\/figure>\n      <\/a>\n\n                \n      <a class=\"ee-gallery-item ee-gallery-item--image ee-gallery-item--single\" href=\"https:\/\/tigrisvalley.com\/wp-content\/uploads\/2025\/10\/Rectangle-58362-1.png\"  data-sub-html=\"\" data-category=\"1\"                  data-lg-size=\"587-380\"\n\n      >\n        <figure class=\"ee-gallery-item-figure\">\n                        <img loading=\"lazy\" decoding=\"async\" class=\"breakdance-image-object\" src=\"https:\/\/tigrisvalley.com\/wp-content\/uploads\/2025\/10\/Rectangle-58362-1.png\" width=\"587\" height=\"380\" srcset=\"https:\/\/tigrisvalley.com\/wp-content\/uploads\/2025\/10\/Rectangle-58362-1.png 587w, https:\/\/tigrisvalley.com\/wp-content\/uploads\/2025\/10\/Rectangle-58362-1-300x194.png 300w\" sizes=\"auto, (max-width: 587px) 100vw, 587px\">\n          \n                  <\/figure>\n      <\/a>\n\n                \n      <a class=\"ee-gallery-item ee-gallery-item--image ee-gallery-item--single\" href=\"https:\/\/tigrisvalley.com\/wp-content\/uploads\/2025\/10\/Rectangle-58361-1.png\"  data-sub-html=\"\" data-category=\"1\"                  data-lg-size=\"791-380\"\n\n      >\n        <figure class=\"ee-gallery-item-figure\">\n                        <img loading=\"lazy\" decoding=\"async\" class=\"breakdance-image-object\" src=\"https:\/\/tigrisvalley.com\/wp-content\/uploads\/2025\/10\/Rectangle-58361-1.png\" width=\"791\" height=\"380\" srcset=\"https:\/\/tigrisvalley.com\/wp-content\/uploads\/2025\/10\/Rectangle-58361-1.png 791w, https:\/\/tigrisvalley.com\/wp-content\/uploads\/2025\/10\/Rectangle-58361-1-300x144.png 300w, https:\/\/tigrisvalley.com\/wp-content\/uploads\/2025\/10\/Rectangle-58361-1-768x369.png 768w\" sizes=\"auto, (max-width: 791px) 100vw, 791px\">\n          \n                  <\/figure>\n      <\/a>\n\n        \n      <div class=\"ee-gallery-gutter\"><\/div>\n  <\/div>\n\n\n\n<\/div><\/div>\n<\/section>","protected":false},"excerpt":{"rendered":"<p>Awards &#038; Accreditations Recognizing Excellence in Integrated Wellness &#038; Holistic Healing Tigris Valley stands as a beacon of holistic excellence, recognized through a series of distinguished national and international awards. These prestigious honours reinforce our position as a true center for integrated natural healthcare, where advanced diagnostics blend seamlessly with the wisdom of ancient wellness [&hellip;]<\/p>","protected":false},"author":2,"featured_media":0,"parent":0,"menu_order":0,"comment_status":"closed","ping_status":"closed","template":"","meta":{"_acf_changed":false,"_breakdance_hide_in_design_set":false,"_breakdance_tags":"","footnotes":""},"class_list":["post-8880","page","type-page","status-publish","hentry"],"acf":[],"_links":{"self":[{"href":"https:\/\/tigrisvalley.com\/de\/wp-json\/wp\/v2\/pages\/8880","targetHints":{"allow":["GET"]}}],"collection":[{"href":"https:\/\/tigrisvalley.com\/de\/wp-json\/wp\/v2\/pages"}],"about":[{"href":"https:\/\/tigrisvalley.com\/de\/wp-json\/wp\/v2\/types\/page"}],"author":[{"embeddable":true,"href":"https:\/\/tigrisvalley.com\/de\/wp-json\/wp\/v2\/users\/2"}],"replies":[{"embeddable":true,"href":"https:\/\/tigrisvalley.com\/de\/wp-json\/wp\/v2\/comments?post=8880"}],"version-history":[{"count":25,"href":"https:\/\/tigrisvalley.com\/de\/wp-json\/wp\/v2\/pages\/8880\/revisions"}],"predecessor-version":[{"id":10288,"href":"https:\/\/tigrisvalley.com\/de\/wp-json\/wp\/v2\/pages\/8880\/revisions\/10288"}],"wp:attachment":[{"href":"https:\/\/tigrisvalley.com\/de\/wp-json\/wp\/v2\/media?parent=8880"}],"curies":[{"name":"wp","href":"https:\/\/api.w.org\/{rel}","templated":true}]}}