{"id":9620,"date":"2025-12-15T11:28:13","date_gmt":"2025-12-15T05:58:13","guid":{"rendered":"https:\/\/tigrisvalley.com\/?page_id=9620"},"modified":"2026-04-09T13:00:37","modified_gmt":"2026-04-09T07:30:37","slug":"functional-medicine-thank-you","status":"publish","type":"page","link":"https:\/\/tigrisvalley.com\/de\/functional-medicine-thank-you\/","title":{"rendered":"Funktionelle Medizin Dankesch\u00f6n"},"content":{"rendered":"<section class=\"bde-section-9620-100 bde-section\">\n              \n  \n\t\n\n  <div class=\"section-background-overlay\"><\/div>\n\n\n<div class=\"section-container\"><div class=\"bde-div-9620-101 bde-div\">\n  \n\t\n\n\n\n<div class=\"bde-image-9620-102 bde-image\">\n<figure class=\"breakdance-image breakdance-image--9461\">\n\t<div class=\"breakdance-image-container\">\n\t\t<div class=\"breakdance-image-clip\"><img loading=\"lazy\" decoding=\"async\" class=\"breakdance-image-object\" src=\"https:\/\/tigrisvalley.com\/wp-content\/uploads\/2025\/12\/svgviewer-png-output-26.png\" width=\"58\" height=\"58\" srcset=\"https:\/\/tigrisvalley.com\/wp-content\/uploads\/2025\/12\/svgviewer-png-output-26.png 58w, https:\/\/tigrisvalley.com\/wp-content\/uploads\/2025\/12\/svgviewer-png-output-26-12x12.png 12w\" sizes=\"auto, (max-width: 58px) 100vw, 58px\"><\/div>\n\t<\/div><\/figure>\n\n<\/div><h1 class=\"bde-heading-9620-103 bde-heading\">\nDankesch\u00f6n\n<\/h1><div class=\"bde-text-9620-104 bde-text\">\nWir haben Ihre Bewerbung erhalten und werden uns in K\u00fcrze bei Ihnen melden. Ihre Reise mit uns beginnt jetzt.\n<\/div>\n<\/div><\/div>\n<\/section><section class=\"bde-section-9620-105 bde-section\">\n  \n\t\n\n\n\n<div class=\"section-container\"><div class=\"bde-grid-9620-106 bde-grid\">\n  \n\t\n\n\n\n<div class=\"bde-div-9620-107 bde-div\">\n  \n\t\n\n\n\n<div class=\"bde-icon-9620-108 bde-icon\">\n\n    \n            <div class=\"bde-icon-icon breakdance-icon-atom\" >\n    \n                    <svg xmlns=\"http:\/\/www.w3.org\/2000\/svg\" id=\"icon-mail\" viewbox=\"0 0 32 32\">\n<path d=\"M26.666 0h-21.332c-2.934 0-5.334 2.4-5.334 5.333v21.333c0 2.934 2.4 5.334 5.334 5.334h21.332c2.936 0 5.334-2.4 5.334-5.334v-21.333c0-2.934-2.398-5.333-5.334-5.333zM8 8h16c0.286 0 0.563 0.061 0.817 0.177l-8.817 10.286-8.817-10.287c0.254-0.116 0.531-0.177 0.817-0.177zM6 22v-12c0-0.042 0.002-0.084 0.004-0.125l5.864 6.842-5.8 5.8c-0.045-0.167-0.069-0.34-0.069-0.517zM24 24h-16c-0.177 0-0.35-0.024-0.517-0.069l5.691-5.691 2.826 3.297 2.826-3.297 5.691 5.691c-0.167 0.045-0.34 0.069-0.517 0.069zM26 22c0 0.177-0.024 0.35-0.069 0.517l-5.8-5.8 5.864-6.842c0.003 0.041 0.004 0.083 0.004 0.125v12z\"\/>\n<\/svg>\n        \n        \n        \n            <\/div>\n    \n\n\n<\/div><h4 class=\"bde-heading-9620-109 bde-heading\">\nE-Mail\n<\/h4><div class=\"bde-text-9620-110 bde-text\">\nHaben Sie Fragen? Schicken Sie uns eine E-Mail und wir antworten innerhalb von 24 Stunden.\n<\/div><a class=\"bde-text-link-9620-111 bde-text-link breakdance-link\" href=\"mailto:reservation@tigrisvalley.com\" target=\"_self\" data-type=\"url\">\n  reservation@tigrisvalley.com\n\n<\/a>\n<\/div><div class=\"bde-div-9620-112 bde-div\">\n  \n\t\n\n\n\n<div class=\"bde-icon-9620-113 bde-icon\">\n\n    \n            <div class=\"bde-icon-icon breakdance-icon-atom\" >\n    \n                    <svg xmlns=\"http:\/\/www.w3.org\/2000\/svg\" viewbox=\"0 0 448 512\"><!--! Font Awesome Free 6.5.1 by @fontawesome - https:\/\/fontawesome.com License - https:\/\/fontawesome.com\/license\/free (Icons: CC BY 4.0, Fonts: SIL OFL 1.1, Code: MIT License) Copyright 2023 Fonticons, Inc. --><path d=\"M64 32C28.7 32 0 60.7 0 96V416c0 35.3 28.7 64 64 64H384c35.3 0 64-28.7 64-64V96c0-35.3-28.7-64-64-64H64zm90.7 96.7c9.7-2.6 19.9 2.3 23.7 11.6l20 48c3.4 8.2 1 17.6-5.8 23.2L168 231.7c16.6 35.2 45.1 63.7 80.3 80.3l20.2-24.7c5.6-6.8 15-9.2 23.2-5.8l48 20c9.3 3.9 14.2 14 11.6 23.7l-12 44C336.9 378 329 384 320 384C196.3 384 96 283.7 96 160c0-9 6-16.9 14.7-19.3l44-12z\"\/><\/svg>\n        \n        \n        \n            <\/div>\n    \n\n\n<\/div><h4 class=\"bde-heading-9620-114 bde-heading\">\nRufen Sie uns an\n<\/h4><div class=\"bde-text-9620-115 bde-text\">\nM\u00f6chten Sie lieber reden? Rufen Sie uns w\u00e4hrend der Gesch\u00e4ftszeiten an.\n<\/div><a class=\"bde-text-link-9620-116 bde-text-link breakdance-link\" href=\"tel:+919107040040\" target=\"_self\" data-type=\"url\">\n  +91 91070 40040\n\n<\/a>\n<\/div><div class=\"bde-div-9620-117 bde-div\">\n  \n\t\n\n\n\n<div class=\"bde-icon-9620-118 bde-icon\">\n\n    \n            <div class=\"bde-icon-icon breakdance-icon-atom\" >\n    \n                    <svg xmlns=\"http:\/\/www.w3.org\/2000\/svg\" viewbox=\"0 0 384 512\"><!--! Font Awesome Free 6.5.1 by @fontawesome - https:\/\/fontawesome.com License - https:\/\/fontawesome.com\/license\/free (Icons: CC BY 4.0, Fonts: SIL OFL 1.1, Code: MIT License) Copyright 2023 Fonticons, Inc. --><path d=\"M215.7 499.2C267 435 384 279.4 384 192C384 86 298 0 192 0S0 86 0 192c0 87.4 117 243 168.3 307.2c12.3 15.3 35.1 15.3 47.4 0zM192 128a64 64 0 1 1 0 128 64 64 0 1 1 0-128z\"\/><\/svg>\n        \n        \n        \n            <\/div>\n    \n\n\n<\/div><h4 class=\"bde-heading-9620-119 bde-heading\">\nBesuchen Sie uns\n<\/h4><div class=\"bde-text-9620-120 bde-text\">\nBesuchen Sie uns pers\u00f6nlich an unserem einladenden Standort.\n<\/div><a class=\"bde-text-link-9620-121 bde-text-link breakdance-link\" href=\"https:\/\/maps.app.goo.gl\/5i13J5EWRSjRyFdY6\" target=\"_blank\" data-type=\"url\" rel=\"noopener\">\n  Anfahrtsbeschreibung\n\n<\/a>\n<\/div>\n<\/div><\/div>\n<\/section>","protected":false},"excerpt":{"rendered":"<p>Vielen Dank. Wir haben Ihre Bewerbung erhalten und werden uns in K\u00fcrze bei Ihnen melden. Ihre Reise mit uns beginnt jetzt. E-Mail Haben Sie Fragen? Schicken Sie uns eine E-Mail und wir antworten innerhalb von 24 Stunden. reservation@tigrisvalley.com Rufen Sie uns an. Sie m\u00f6chten lieber mit uns sprechen? Rufen Sie uns w\u00e4hrend der Gesch\u00e4ftszeiten an. +91 91070 40040 Besuchen Sie uns Besuchen Sie uns in [...]<\/p>","protected":false},"author":3,"featured_media":0,"parent":0,"menu_order":0,"comment_status":"closed","ping_status":"closed","template":"","meta":{"_acf_changed":false,"_breakdance_hide_in_design_set":false,"_breakdance_tags":"","footnotes":""},"class_list":["post-9620","page","type-page","status-publish","hentry"],"acf":[],"_links":{"self":[{"href":"https:\/\/tigrisvalley.com\/de\/wp-json\/wp\/v2\/pages\/9620","targetHints":{"allow":["GET"]}}],"collection":[{"href":"https:\/\/tigrisvalley.com\/de\/wp-json\/wp\/v2\/pages"}],"about":[{"href":"https:\/\/tigrisvalley.com\/de\/wp-json\/wp\/v2\/types\/page"}],"author":[{"embeddable":true,"href":"https:\/\/tigrisvalley.com\/de\/wp-json\/wp\/v2\/users\/3"}],"replies":[{"embeddable":true,"href":"https:\/\/tigrisvalley.com\/de\/wp-json\/wp\/v2\/comments?post=9620"}],"version-history":[{"count":3,"href":"https:\/\/tigrisvalley.com\/de\/wp-json\/wp\/v2\/pages\/9620\/revisions"}],"predecessor-version":[{"id":10296,"href":"https:\/\/tigrisvalley.com\/de\/wp-json\/wp\/v2\/pages\/9620\/revisions\/10296"}],"wp:attachment":[{"href":"https:\/\/tigrisvalley.com\/de\/wp-json\/wp\/v2\/media?parent=9620"}],"curies":[{"name":"wp","href":"https:\/\/api.w.org\/{rel}","templated":true}]}}